{"id":4563,"date":"2023-09-30T17:58:47","date_gmt":"2023-09-30T17:58:47","guid":{"rendered":"https:\/\/lucasebok.com\/?post_type=product&#038;p=4563"},"modified":"2025-05-31T13:43:12","modified_gmt":"2025-05-31T13:43:12","slug":"terra-fulbevalo","status":"publish","type":"product","link":"https:\/\/lucasebok.com\/en\/product\/terra-fulbevalo\/","title":{"rendered":"Terra f\u00fclbeval\u00f3"},"content":{"rendered":"","protected":false},"excerpt":{"rendered":"<p>A Jade k\u0151 az egyens\u00faly \u00e9s a harm\u00f3nia szimb\u00f3luma. Sz\u00e1momra ez az \u00e9kszer a f\u00f6lddel val\u00f3 term\u00e9szetes kapcsolatunkat jelenti. V\u00e1laszd ki a hozz\u00e1d ill\u0151 sz\u00ednt \u00e9s \u00fcnnepeld te is minden nap a term\u00e9szet sz\u00e9ps\u00e9g\u00e9t ezzel a \u00e9kszerrel!<\/p>","protected":false},"featured_media":4564,"template":"","meta":{"_mi_skip_tracking":false,"_monsterinsights_sitenote_active":false,"_monsterinsights_sitenote_note":"","_monsterinsights_sitenote_category":0},"product_cat":[75],"product_tag":[],"class_list":["post-4563","product","type-product","status-publish","has-post-thumbnail","hentry","product_cat-fulbevalok"],"aioseo_notices":[],"_links":{"self":[{"href":"https:\/\/lucasebok.com\/en\/wp-json\/wp\/v3\/product\/4563","targetHints":{"allow":["GET"]}}],"collection":[{"href":"https:\/\/lucasebok.com\/en\/wp-json\/wp\/v3\/product"}],"about":[{"href":"https:\/\/lucasebok.com\/en\/wp-json\/wp\/v2\/types\/product"}],"wp:featuredmedia":[{"embeddable":true,"href":"https:\/\/lucasebok.com\/en\/wp-json\/wp\/v2\/media\/4564"}],"wp:attachment":[{"href":"https:\/\/lucasebok.com\/en\/wp-json\/wp\/v2\/media?parent=4563"}],"wp:term":[{"taxonomy":"product_cat","embeddable":true,"href":"https:\/\/lucasebok.com\/en\/wp-json\/wp\/v2\/product_cat?post=4563"},{"taxonomy":"product_tag","embeddable":true,"href":"https:\/\/lucasebok.com\/en\/wp-json\/wp\/v2\/product_tag?post=4563"}],"curies":[{"name":"wp","href":"https:\/\/api.w.org\/{rel}","templated":true}]}}