{"id":4409,"date":"2023-05-14T14:17:04","date_gmt":"2023-05-14T14:17:04","guid":{"rendered":"https:\/\/lucasebok.com\/?post_type=product&#038;p=4409"},"modified":"2025-05-31T14:20:45","modified_gmt":"2025-05-31T14:20:45","slug":"tundok-kicsi-karkoto","status":"publish","type":"product","link":"https:\/\/lucasebok.com\/en\/product\/tundok-kicsi-karkoto\/","title":{"rendered":"T\u00fcnd\u00f6k kicsi kark\u00f6t\u0151"},"content":{"rendered":"<p>\u00c1ll\u00edthat\u00f3 m\u00e9ret\u0171-<\/p>","protected":false},"excerpt":{"rendered":"<p><span style=\"font-weight: 400;\">L\u00e1tv\u00e1nyos, de m\u00e9gis harmonikus \u00e9kszer, amit a meleg \u00e9s a vibr\u00e1l\u00e1s ihletett, lekerek\u00edtett formavil\u00e1ga m\u00e9gis puh\u00e1v\u00e1 \u00e9s otthonoss\u00e1 teszik a kompoz\u00edci\u00f3t. Egy \u00e9letre v\u00e1laszt t\u00e1rsat, hiszen els\u0151 haszn\u00e1lat el\u0151tt a testre kell sim\u00edtani. Az olvadt bubor\u00e9kok \u00fagy simulnak a b\u0151rre, mintha a visel\u0151je test melege mag\u00e1ra olvasztotta volna az \u00e9kszert. Ett\u0151l term\u00e9szetesen belesimul\u00f3, m\u00e9gis hihetetlen izgalmas hat\u00e1s\u00fa lesz.<\/span><\/p>\n<p>&nbsp;<\/p>\n<p><span style=\"font-weight: 400;\">A kark\u00f6t\u0151 kb 1cm nagys\u00e1g\u00fa k\u00f6r\u00f6kb\u0151l \u00e1ll \u00e9s <\/span><span style=\"font-weight: 400;\">kb. 15 cm a ker\u00fclete<\/span><\/p>","protected":false},"featured_media":4405,"template":"","meta":{"_mi_skip_tracking":false,"_monsterinsights_sitenote_active":false,"_monsterinsights_sitenote_note":"","_monsterinsights_sitenote_category":0},"product_cat":[74],"product_tag":[],"class_list":["post-4409","product","type-product","status-publish","has-post-thumbnail","hentry","product_cat-karkoto"],"aioseo_notices":[],"_links":{"self":[{"href":"https:\/\/lucasebok.com\/en\/wp-json\/wp\/v3\/product\/4409","targetHints":{"allow":["GET"]}}],"collection":[{"href":"https:\/\/lucasebok.com\/en\/wp-json\/wp\/v3\/product"}],"about":[{"href":"https:\/\/lucasebok.com\/en\/wp-json\/wp\/v2\/types\/product"}],"wp:featuredmedia":[{"embeddable":true,"href":"https:\/\/lucasebok.com\/en\/wp-json\/wp\/v2\/media\/4405"}],"wp:attachment":[{"href":"https:\/\/lucasebok.com\/en\/wp-json\/wp\/v2\/media?parent=4409"}],"wp:term":[{"taxonomy":"product_cat","embeddable":true,"href":"https:\/\/lucasebok.com\/en\/wp-json\/wp\/v2\/product_cat?post=4409"},{"taxonomy":"product_tag","embeddable":true,"href":"https:\/\/lucasebok.com\/en\/wp-json\/wp\/v2\/product_tag?post=4409"}],"curies":[{"name":"wp","href":"https:\/\/api.w.org\/{rel}","templated":true}]}}