{"id":4056,"date":"2023-03-12T20:14:25","date_gmt":"2023-03-12T20:14:25","guid":{"rendered":"https:\/\/lucasebok.com\/?post_type=product&#038;p=4056"},"modified":"2025-05-31T12:41:18","modified_gmt":"2025-05-31T12:41:18","slug":"puabi-hajtu","status":"publish","type":"product","link":"https:\/\/lucasebok.com\/en\/product\/puabi-hajtu\/","title":{"rendered":"Puabi hajt\u0171"},"content":{"rendered":"","protected":false},"excerpt":{"rendered":"<p><span style=\"font-weight: 400;\">A kollekci\u00f3t Puabi kir\u00e1lyn\u0151 fejd\u00edsze ihlette, amit levelek d\u00edsz\u00edtenek. A sum\u00e9r kir\u00e1lyn\u0151 sz\u00e1m\u00e1ra a legpomp\u00e1sabb d\u00edsz a term\u00e9szet volt, sz\u00e1momra ez t\u00f6bb mint 4 ezer \u00e9vvel k\u00e9s\u0151bb m\u00e9g mindig a legszebb h\u00e1ttere az arcnak. Ez a sz\u00e9ps\u00e9g ind\u00edtott el alkot\u00f3i utamon. Egyszerre k\u00f6nnyed \u00e9s eleg\u00e1ns viselet.\u00a0<\/span><\/p>","protected":false},"featured_media":4062,"template":"","meta":{"_mi_skip_tracking":false,"_monsterinsights_sitenote_active":false,"_monsterinsights_sitenote_note":"","_monsterinsights_sitenote_category":0},"product_cat":[72],"product_tag":[],"class_list":["post-4056","product","type-product","status-publish","has-post-thumbnail","hentry","product_cat-fejdisz"],"aioseo_notices":[],"_links":{"self":[{"href":"https:\/\/lucasebok.com\/en\/wp-json\/wp\/v3\/product\/4056","targetHints":{"allow":["GET"]}}],"collection":[{"href":"https:\/\/lucasebok.com\/en\/wp-json\/wp\/v3\/product"}],"about":[{"href":"https:\/\/lucasebok.com\/en\/wp-json\/wp\/v2\/types\/product"}],"wp:featuredmedia":[{"embeddable":true,"href":"https:\/\/lucasebok.com\/en\/wp-json\/wp\/v2\/media\/4062"}],"wp:attachment":[{"href":"https:\/\/lucasebok.com\/en\/wp-json\/wp\/v2\/media?parent=4056"}],"wp:term":[{"taxonomy":"product_cat","embeddable":true,"href":"https:\/\/lucasebok.com\/en\/wp-json\/wp\/v2\/product_cat?post=4056"},{"taxonomy":"product_tag","embeddable":true,"href":"https:\/\/lucasebok.com\/en\/wp-json\/wp\/v2\/product_tag?post=4056"}],"curies":[{"name":"wp","href":"https:\/\/api.w.org\/{rel}","templated":true}]}}