{"id":4022,"date":"2023-03-08T13:04:46","date_gmt":"2023-03-08T13:04:46","guid":{"rendered":"https:\/\/lucasebok.com\/?post_type=product&#038;p=4022"},"modified":"2025-05-31T14:18:01","modified_gmt":"2025-05-31T14:18:01","slug":"puabi-karkoto-2","status":"publish","type":"product","link":"https:\/\/lucasebok.com\/en\/product\/puabi-karkoto-2\/","title":{"rendered":"Puabi kark\u00f6t\u0151"},"content":{"rendered":"","protected":false},"excerpt":{"rendered":"<p><span style=\"font-weight: 400;\">A kollekci\u00f3t Puabi kir\u00e1lyn\u0151 egy csod\u00e1s fejd\u00edsze ihlette, amit apr\u00f3cska levelek d\u00edsz\u00edtenek. A sum\u00e9r kir\u00e1lyn\u0151 sz\u00e1m\u00e1ra a legpomp\u00e1sabb d\u00edsz a term\u00e9szet volt. A nagy leveles Puabi szett \u00e1tdolgoz\u00e1s\u00e1val j\u00f6tt l\u00e9tre ez a kollekci\u00f3, ami \u00e1tt\u00f6rtebb, finomabb text\u00far\u00e1j\u00e1val sz\u00e9pen alak\u00edthat\u00f3 \u00e9s kellemesen simul bele a h\u00e9tk\u00f6znapi vagy alkalmi megjelen\u00e9sbe.\u00a0 <\/span><\/p>","protected":false},"featured_media":4031,"template":"","meta":{"_mi_skip_tracking":false,"_monsterinsights_sitenote_active":false,"_monsterinsights_sitenote_note":"","_monsterinsights_sitenote_category":0},"product_cat":[74],"product_tag":[],"class_list":["post-4022","product","type-product","status-publish","has-post-thumbnail","hentry","product_cat-karkoto"],"aioseo_notices":[],"_links":{"self":[{"href":"https:\/\/lucasebok.com\/en\/wp-json\/wp\/v3\/product\/4022","targetHints":{"allow":["GET"]}}],"collection":[{"href":"https:\/\/lucasebok.com\/en\/wp-json\/wp\/v3\/product"}],"about":[{"href":"https:\/\/lucasebok.com\/en\/wp-json\/wp\/v2\/types\/product"}],"wp:featuredmedia":[{"embeddable":true,"href":"https:\/\/lucasebok.com\/en\/wp-json\/wp\/v2\/media\/4031"}],"wp:attachment":[{"href":"https:\/\/lucasebok.com\/en\/wp-json\/wp\/v2\/media?parent=4022"}],"wp:term":[{"taxonomy":"product_cat","embeddable":true,"href":"https:\/\/lucasebok.com\/en\/wp-json\/wp\/v2\/product_cat?post=4022"},{"taxonomy":"product_tag","embeddable":true,"href":"https:\/\/lucasebok.com\/en\/wp-json\/wp\/v2\/product_tag?post=4022"}],"curies":[{"name":"wp","href":"https:\/\/api.w.org\/{rel}","templated":true}]}}