{"id":3937,"date":"2023-02-18T11:03:42","date_gmt":"2023-02-18T11:03:42","guid":{"rendered":"https:\/\/lucasebok.com\/?post_type=product&#038;p=3937"},"modified":"2023-09-30T20:14:56","modified_gmt":"2023-09-30T20:14:56","slug":"puabi-gyongyos-fejdisz","status":"publish","type":"product","link":"https:\/\/lucasebok.com\/en\/product\/puabi-gyongyos-fejdisz\/","title":{"rendered":"Puabi gy\u00f6ngy\u00f6s fejd\u00edsz"},"content":{"rendered":"","protected":false},"excerpt":{"rendered":"<p>Ha ilyen fejd\u00edszt szeretn\u00e9l, k\u00e9rlek vedd fel velem a kapcsolatot. A gy\u00f6ngy\u00f6k fajt\u00e1ja, a levelek m\u00e9rete, illetve mennyis\u00e9g\u00fck szabadon v\u00e1laszthat\u00f3.<\/p>\n<p><span style=\"font-weight: 400;\">A kollekci\u00f3t Puabi kir\u00e1lyn\u0151 egy csod\u00e1s fejd\u00edsze ihlette, amit apr\u00f3cska levelek d\u00edsz\u00edtenek. A sum\u00e9r kir\u00e1lyn\u0151 sz\u00e1m\u00e1ra a legpomp\u00e1sabb d\u00edsz a term\u00e9szet volt, sz\u00e1momra ez t\u00f6bb mint 4 ezer \u00e9vvel k\u00e9s\u0151bb m\u00e9g mindig igaz. A nagy leveles Puabi szett \u00e1tdolgoz\u00e1s\u00e1val j\u00f6tt l\u00e9tre ez a kollekci\u00f3, ami \u00e1tt\u00f6rtebb, finomabb text\u00far\u00e1j\u00e1val sz\u00e9pen alak\u00edthat\u00f3 \u00e9s kellemesen simul bele a h\u00e9tk\u00f6znapi vagy alkalmi megjelen\u00e9sbe.<\/span><\/p>\n<p>\u00c1r: 35 000 Ft-t\u00f3l<\/p>\n[ninja_form id=1]","protected":false},"featured_media":3939,"template":"","meta":{"_mi_skip_tracking":false,"_monsterinsights_sitenote_active":false,"_monsterinsights_sitenote_note":"","_monsterinsights_sitenote_category":0},"product_cat":[72],"product_tag":[],"class_list":["post-3937","product","type-product","status-publish","has-post-thumbnail","hentry","product_cat-fejdisz"],"aioseo_notices":[],"_links":{"self":[{"href":"https:\/\/lucasebok.com\/en\/wp-json\/wp\/v3\/product\/3937","targetHints":{"allow":["GET"]}}],"collection":[{"href":"https:\/\/lucasebok.com\/en\/wp-json\/wp\/v3\/product"}],"about":[{"href":"https:\/\/lucasebok.com\/en\/wp-json\/wp\/v2\/types\/product"}],"wp:featuredmedia":[{"embeddable":true,"href":"https:\/\/lucasebok.com\/en\/wp-json\/wp\/v2\/media\/3939"}],"wp:attachment":[{"href":"https:\/\/lucasebok.com\/en\/wp-json\/wp\/v2\/media?parent=3937"}],"wp:term":[{"taxonomy":"product_cat","embeddable":true,"href":"https:\/\/lucasebok.com\/en\/wp-json\/wp\/v2\/product_cat?post=3937"},{"taxonomy":"product_tag","embeddable":true,"href":"https:\/\/lucasebok.com\/en\/wp-json\/wp\/v2\/product_tag?post=3937"}],"curies":[{"name":"wp","href":"https:\/\/api.w.org\/{rel}","templated":true}]}}