{"id":3926,"date":"2023-02-08T11:09:41","date_gmt":"2023-02-08T11:09:41","guid":{"rendered":"https:\/\/lucasebok.com\/?post_type=product&#038;p=3926"},"modified":"2025-05-31T13:04:39","modified_gmt":"2025-05-31T13:04:39","slug":"libra-fulbevalo","status":"publish","type":"product","link":"https:\/\/lucasebok.com\/en\/product\/libra-fulbevalo\/","title":{"rendered":"Libra f\u00fclbeval\u00f3"},"content":{"rendered":"","protected":false},"excerpt":{"rendered":"<p>Ha ilyen f\u00fclbeval\u00f3t szeretn\u00e9l, k\u00e9rlek vedd fel velem a kapcsolatot, mivel a gy\u00f6ngy\u00f6k fajt\u00e1ja szabadon v\u00e1laszthat\u00f3.<\/p>\n[ninja_form id=1]","protected":false},"featured_media":4594,"template":"","meta":{"_mi_skip_tracking":false,"_monsterinsights_sitenote_active":false,"_monsterinsights_sitenote_note":"","_monsterinsights_sitenote_category":0},"product_cat":[75],"product_tag":[],"class_list":["post-3926","product","type-product","status-publish","has-post-thumbnail","hentry","product_cat-fulbevalok"],"aioseo_notices":[],"_links":{"self":[{"href":"https:\/\/lucasebok.com\/en\/wp-json\/wp\/v3\/product\/3926","targetHints":{"allow":["GET"]}}],"collection":[{"href":"https:\/\/lucasebok.com\/en\/wp-json\/wp\/v3\/product"}],"about":[{"href":"https:\/\/lucasebok.com\/en\/wp-json\/wp\/v2\/types\/product"}],"wp:featuredmedia":[{"embeddable":true,"href":"https:\/\/lucasebok.com\/en\/wp-json\/wp\/v2\/media\/4594"}],"wp:attachment":[{"href":"https:\/\/lucasebok.com\/en\/wp-json\/wp\/v2\/media?parent=3926"}],"wp:term":[{"taxonomy":"product_cat","embeddable":true,"href":"https:\/\/lucasebok.com\/en\/wp-json\/wp\/v2\/product_cat?post=3926"},{"taxonomy":"product_tag","embeddable":true,"href":"https:\/\/lucasebok.com\/en\/wp-json\/wp\/v2\/product_tag?post=3926"}],"curies":[{"name":"wp","href":"https:\/\/api.w.org\/{rel}","templated":true}]}}