{"id":3920,"date":"2023-02-08T11:03:41","date_gmt":"2023-02-08T11:03:41","guid":{"rendered":"https:\/\/lucasebok.com\/?post_type=product&#038;p=3920"},"modified":"2024-11-20T19:57:59","modified_gmt":"2024-11-20T19:57:59","slug":"madarak-a-droton-nyaklanc","status":"publish","type":"product","link":"https:\/\/lucasebok.com\/en\/product\/madarak-a-droton-nyaklanc\/","title":{"rendered":"Madarak a dr\u00f3ton nyakl\u00e1nc"},"content":{"rendered":"","protected":false},"excerpt":{"rendered":"<p><span style=\"font-weight: 400;\">Egy kedves bar\u00e1tn\u0151m rajzolt egy madarat a Tomm Moore filmek (<\/span><span style=\"font-weight: 400;\">Song of the Sea)<\/span> <span style=\"font-weight: 400;\">illusztr\u00e1ci\u00f3s st\u00edlus\u00e1ban, amit \u00e9kszerben is szerettem volna elk\u00e9sz\u00edteni. Ahogy alakult a med\u00e1l egyre mag\u00e1nyosabbnak t\u0171nt a mad\u00e1rk\u00e1m. \u00cdgy lett az egyb\u0151l k\u00e9t varj\u00fa, akik \u00edgy v\u00e9g\u00fcl egy\u00fctt, \u00f6sszeb\u00fajva \u00fclnek a villanydr\u00f3ton.<\/span><\/p>","protected":false},"featured_media":3921,"template":"","meta":{"_mi_skip_tracking":false,"_monsterinsights_sitenote_active":false,"_monsterinsights_sitenote_note":"","_monsterinsights_sitenote_category":0},"product_cat":[73],"product_tag":[],"class_list":["post-3920","product","type-product","status-publish","has-post-thumbnail","hentry","product_cat-nyaklanc"],"aioseo_notices":[],"_links":{"self":[{"href":"https:\/\/lucasebok.com\/en\/wp-json\/wp\/v3\/product\/3920","targetHints":{"allow":["GET"]}}],"collection":[{"href":"https:\/\/lucasebok.com\/en\/wp-json\/wp\/v3\/product"}],"about":[{"href":"https:\/\/lucasebok.com\/en\/wp-json\/wp\/v2\/types\/product"}],"wp:featuredmedia":[{"embeddable":true,"href":"https:\/\/lucasebok.com\/en\/wp-json\/wp\/v2\/media\/3921"}],"wp:attachment":[{"href":"https:\/\/lucasebok.com\/en\/wp-json\/wp\/v2\/media?parent=3920"}],"wp:term":[{"taxonomy":"product_cat","embeddable":true,"href":"https:\/\/lucasebok.com\/en\/wp-json\/wp\/v2\/product_cat?post=3920"},{"taxonomy":"product_tag","embeddable":true,"href":"https:\/\/lucasebok.com\/en\/wp-json\/wp\/v2\/product_tag?post=3920"}],"curies":[{"name":"wp","href":"https:\/\/api.w.org\/{rel}","templated":true}]}}