{"id":3902,"date":"2023-02-08T10:48:08","date_gmt":"2023-02-08T10:48:08","guid":{"rendered":"https:\/\/lucasebok.com\/?post_type=product&#038;p=3902"},"modified":"2023-03-13T11:36:44","modified_gmt":"2023-03-13T11:36:44","slug":"lilith-szett","status":"publish","type":"product","link":"https:\/\/lucasebok.com\/en\/product\/lilith-szett\/","title":{"rendered":"Lilith szett"},"content":{"rendered":"<p>A szett tartalma:<br \/>\nLilith nyak\u00e9k<br \/>\nLilith f\u00fclbeval\u00f3<\/p>","protected":false},"excerpt":{"rendered":"<p>A szett tartalma: Lilith nyak\u00e9k Lilith f\u00fclbeval\u00f3<\/p>","protected":false},"featured_media":3900,"template":"","meta":{"_mi_skip_tracking":false,"_monsterinsights_sitenote_active":false,"_monsterinsights_sitenote_note":"","_monsterinsights_sitenote_category":0},"product_cat":[132],"product_tag":[],"class_list":["post-3902","product","type-product","status-publish","has-post-thumbnail","hentry","product_cat-szett"],"aioseo_notices":[],"_links":{"self":[{"href":"https:\/\/lucasebok.com\/en\/wp-json\/wp\/v3\/product\/3902","targetHints":{"allow":["GET"]}}],"collection":[{"href":"https:\/\/lucasebok.com\/en\/wp-json\/wp\/v3\/product"}],"about":[{"href":"https:\/\/lucasebok.com\/en\/wp-json\/wp\/v2\/types\/product"}],"wp:featuredmedia":[{"embeddable":true,"href":"https:\/\/lucasebok.com\/en\/wp-json\/wp\/v2\/media\/3900"}],"wp:attachment":[{"href":"https:\/\/lucasebok.com\/en\/wp-json\/wp\/v2\/media?parent=3902"}],"wp:term":[{"taxonomy":"product_cat","embeddable":true,"href":"https:\/\/lucasebok.com\/en\/wp-json\/wp\/v2\/product_cat?post=3902"},{"taxonomy":"product_tag","embeddable":true,"href":"https:\/\/lucasebok.com\/en\/wp-json\/wp\/v2\/product_tag?post=3902"}],"curies":[{"name":"wp","href":"https:\/\/api.w.org\/{rel}","templated":true}]}}