{"id":3871,"date":"2023-02-07T21:12:57","date_gmt":"2023-02-07T21:12:57","guid":{"rendered":"https:\/\/lucasebok.com\/?post_type=product&#038;p=3871"},"modified":"2024-11-20T20:03:49","modified_gmt":"2024-11-20T20:03:49","slug":"puabi-nyakek-hatlevelu","status":"publish","type":"product","link":"https:\/\/lucasebok.com\/en\/product\/puabi-nyakek-hatlevelu\/","title":{"rendered":"Puabi nyak\u00e9k hatlevel\u0171"},"content":{"rendered":"","protected":false},"excerpt":{"rendered":"<p>A kollekci\u00f3t Puabi kir\u00e1lyn\u0151 egy csod\u00e1s fejd\u00edsze ihlette, amit apr\u00f3cska levelek d\u00edsz\u00edtenek. A sum\u00e9r kir\u00e1lyn\u0151 sz\u00e1m\u00e1ra a legpomp\u00e1sabb d\u00edsz a term\u00e9szet volt, sz\u00e1momra ez t\u00f6bb mint 4 ezer \u00e9vvel k\u00e9s\u0151bb m\u00e9g mindig a legszebb h\u00e1ttere az arcnak.<\/p>","protected":false},"featured_media":3872,"template":"","meta":{"_mi_skip_tracking":false,"_monsterinsights_sitenote_active":false,"_monsterinsights_sitenote_note":"","_monsterinsights_sitenote_category":0},"product_cat":[73],"product_tag":[],"class_list":["post-3871","product","type-product","status-publish","has-post-thumbnail","hentry","product_cat-nyaklanc"],"aioseo_notices":[],"_links":{"self":[{"href":"https:\/\/lucasebok.com\/en\/wp-json\/wp\/v3\/product\/3871","targetHints":{"allow":["GET"]}}],"collection":[{"href":"https:\/\/lucasebok.com\/en\/wp-json\/wp\/v3\/product"}],"about":[{"href":"https:\/\/lucasebok.com\/en\/wp-json\/wp\/v2\/types\/product"}],"wp:featuredmedia":[{"embeddable":true,"href":"https:\/\/lucasebok.com\/en\/wp-json\/wp\/v2\/media\/3872"}],"wp:attachment":[{"href":"https:\/\/lucasebok.com\/en\/wp-json\/wp\/v2\/media?parent=3871"}],"wp:term":[{"taxonomy":"product_cat","embeddable":true,"href":"https:\/\/lucasebok.com\/en\/wp-json\/wp\/v2\/product_cat?post=3871"},{"taxonomy":"product_tag","embeddable":true,"href":"https:\/\/lucasebok.com\/en\/wp-json\/wp\/v2\/product_tag?post=3871"}],"curies":[{"name":"wp","href":"https:\/\/api.w.org\/{rel}","templated":true}]}}