{"id":3867,"date":"2023-02-07T21:08:33","date_gmt":"2023-02-07T21:08:33","guid":{"rendered":"https:\/\/lucasebok.com\/?post_type=product&#038;p=3867"},"modified":"2025-05-31T13:39:37","modified_gmt":"2025-05-31T13:39:37","slug":"anarchia-fulbevalo","status":"publish","type":"product","link":"https:\/\/lucasebok.com\/en\/product\/anarchia-fulbevalo\/","title":{"rendered":"Szalmasz\u00e1lak f\u00fclbeval\u00f3"},"content":{"rendered":"","protected":false},"excerpt":{"rendered":"<p>Elmerengve a szalmasz\u00e1lak rendezetlen sz\u00e1lai k\u00f6zt, megtal\u00e1lhatjuk a sz\u00e1munkra kedves keresztez\u0151d\u00e9seket.<\/p>","protected":false},"featured_media":3868,"template":"","meta":{"_mi_skip_tracking":false,"_monsterinsights_sitenote_active":false,"_monsterinsights_sitenote_note":"","_monsterinsights_sitenote_category":0},"product_cat":[75],"product_tag":[],"class_list":["post-3867","product","type-product","status-publish","has-post-thumbnail","hentry","product_cat-fulbevalok"],"aioseo_notices":[],"_links":{"self":[{"href":"https:\/\/lucasebok.com\/en\/wp-json\/wp\/v3\/product\/3867","targetHints":{"allow":["GET"]}}],"collection":[{"href":"https:\/\/lucasebok.com\/en\/wp-json\/wp\/v3\/product"}],"about":[{"href":"https:\/\/lucasebok.com\/en\/wp-json\/wp\/v2\/types\/product"}],"wp:featuredmedia":[{"embeddable":true,"href":"https:\/\/lucasebok.com\/en\/wp-json\/wp\/v2\/media\/3868"}],"wp:attachment":[{"href":"https:\/\/lucasebok.com\/en\/wp-json\/wp\/v2\/media?parent=3867"}],"wp:term":[{"taxonomy":"product_cat","embeddable":true,"href":"https:\/\/lucasebok.com\/en\/wp-json\/wp\/v2\/product_cat?post=3867"},{"taxonomy":"product_tag","embeddable":true,"href":"https:\/\/lucasebok.com\/en\/wp-json\/wp\/v2\/product_tag?post=3867"}],"curies":[{"name":"wp","href":"https:\/\/api.w.org\/{rel}","templated":true}]}}