{"id":3772,"date":"2022-04-09T11:45:36","date_gmt":"2022-04-09T11:45:36","guid":{"rendered":"https:\/\/lucasebok.com\/?post_type=product&#038;p=3772"},"modified":"2023-03-13T12:03:59","modified_gmt":"2023-03-13T12:03:59","slug":"kicsi-leveles-szett","status":"publish","type":"product","link":"https:\/\/lucasebok.com\/en\/product\/kicsi-leveles-szett\/","title":{"rendered":"Puabi szett"},"content":{"rendered":"","protected":false},"excerpt":{"rendered":"<p><span style=\"font-weight: 400;\">A kollekci\u00f3t Puabi kir\u00e1lyn\u0151 fejd\u00edsze ihlette, amit levelek d\u00edsz\u00edtenek. A sum\u00e9r kir\u00e1lyn\u0151 sz\u00e1m\u00e1ra a legpomp\u00e1sabb d\u00edsz a term\u00e9szet volt, sz\u00e1momra ez t\u00f6bb mint 4 ezer \u00e9vvel k\u00e9s\u0151bb m\u00e9g mindig a legszebb h\u00e1ttere az arcnak. Egyszerre k\u00f6nnyed \u00e9s eleg\u00e1ns viselet.\u00a0<\/span><\/p>\n<p>A szett tartalma:<br \/>\n<a href=\"https:\/\/lucasebok.com\/en\/product\/leveles-fulbevalo-merev\/\">Puabi f\u00fclbeval\u00f3<\/a><br \/>\n<a href=\"https:\/\/lucasebok.com\/en\/product\/puabi-fejdisz\/\">Puabi fejd\u00edsz<\/a><br \/>\n<a href=\"https:\/\/lucasebok.com\/en\/product\/puabi-karkoto\/\">Puabi kark\u00f6t\u0151<\/a><\/p>","protected":false},"featured_media":3831,"template":"","meta":{"_mi_skip_tracking":false,"_monsterinsights_sitenote_active":false,"_monsterinsights_sitenote_note":"","_monsterinsights_sitenote_category":0},"product_cat":[132],"product_tag":[],"class_list":["post-3772","product","type-product","status-publish","has-post-thumbnail","hentry","product_cat-szett"],"aioseo_notices":[],"_links":{"self":[{"href":"https:\/\/lucasebok.com\/en\/wp-json\/wp\/v3\/product\/3772","targetHints":{"allow":["GET"]}}],"collection":[{"href":"https:\/\/lucasebok.com\/en\/wp-json\/wp\/v3\/product"}],"about":[{"href":"https:\/\/lucasebok.com\/en\/wp-json\/wp\/v2\/types\/product"}],"wp:featuredmedia":[{"embeddable":true,"href":"https:\/\/lucasebok.com\/en\/wp-json\/wp\/v2\/media\/3831"}],"wp:attachment":[{"href":"https:\/\/lucasebok.com\/en\/wp-json\/wp\/v2\/media?parent=3772"}],"wp:term":[{"taxonomy":"product_cat","embeddable":true,"href":"https:\/\/lucasebok.com\/en\/wp-json\/wp\/v2\/product_cat?post=3772"},{"taxonomy":"product_tag","embeddable":true,"href":"https:\/\/lucasebok.com\/en\/wp-json\/wp\/v2\/product_tag?post=3772"}],"curies":[{"name":"wp","href":"https:\/\/api.w.org\/{rel}","templated":true}]}}