{"id":3768,"date":"2022-04-09T11:38:29","date_gmt":"2022-04-09T11:38:29","guid":{"rendered":"https:\/\/lucasebok.com\/?post_type=product&#038;p=3768"},"modified":"2023-12-12T16:22:10","modified_gmt":"2023-12-12T16:22:10","slug":"puabi-szett","status":"publish","type":"product","link":"https:\/\/lucasebok.com\/en\/product\/puabi-szett\/","title":{"rendered":"Puabi szett"},"content":{"rendered":"","protected":false},"excerpt":{"rendered":"<p><span style=\"font-weight: 400;\">A kollekci\u00f3t Puabi kir\u00e1lyn\u0151 egy csod\u00e1s fejd\u00edsze ihlette, amit apr\u00f3cska levelek d\u00edsz\u00edtenek. A sum\u00e9r kir\u00e1lyn\u0151 sz\u00e1m\u00e1ra a legpomp\u00e1sabb d\u00edsz a term\u00e9szet volt, sz\u00e1momra ez t\u00f6bb mint 4 ezer \u00e9vvel k\u00e9s\u0151bb m\u00e9g mindig a legszebb h\u00e1ttere az arcnak. A nagy leveles Puabi szett \u00e1tdolgoz\u00e1s\u00e1val j\u00f6tt l\u00e9tre ez a kollekci\u00f3, ami \u00e1tt\u00f6rtebb, finomabb text\u00far\u00e1j\u00e1val sz\u00e9pen alak\u00edthat\u00f3 \u00e9s kellemesen simul bele a h\u00e9tk\u00f6znapi vagy alkalmi megjelen\u00e9sbe.<br \/>\n<\/span><br \/>\nA szett tartalma:<br \/>\n<a href=\"https:\/\/lucasebok.com\/en\/product\/puabi-hajtu\/\">Puabi hajt\u0171<\/a><br \/>\n<a href=\"https:\/\/lucasebok.com\/en\/product\/leveles-fulbevalo-kis-meretu-lanccal\/\">\u00c1tt\u00f6rt Puabi f\u00fclbeval\u00f3<\/a><br \/>\n<a href=\"https:\/\/lucasebok.com\/en\/product\/attort-puabi-karkoto\/\">\u00c1tt\u00f6rt Puabi kark\u00f6t\u0151<\/a><br \/>\n<a href=\"https:\/\/lucasebok.com\/en\/product\/attortpuabinyakek\/\">\u00c1tt\u00f6rt Puabi nyak\u00e9k<\/a><\/p>","protected":false},"featured_media":3834,"template":"","meta":{"_mi_skip_tracking":false,"_monsterinsights_sitenote_active":false,"_monsterinsights_sitenote_note":"","_monsterinsights_sitenote_category":0},"product_cat":[132],"product_tag":[],"class_list":["post-3768","product","type-product","status-publish","has-post-thumbnail","hentry","product_cat-szett"],"aioseo_notices":[],"_links":{"self":[{"href":"https:\/\/lucasebok.com\/en\/wp-json\/wp\/v3\/product\/3768","targetHints":{"allow":["GET"]}}],"collection":[{"href":"https:\/\/lucasebok.com\/en\/wp-json\/wp\/v3\/product"}],"about":[{"href":"https:\/\/lucasebok.com\/en\/wp-json\/wp\/v2\/types\/product"}],"wp:featuredmedia":[{"embeddable":true,"href":"https:\/\/lucasebok.com\/en\/wp-json\/wp\/v2\/media\/3834"}],"wp:attachment":[{"href":"https:\/\/lucasebok.com\/en\/wp-json\/wp\/v2\/media?parent=3768"}],"wp:term":[{"taxonomy":"product_cat","embeddable":true,"href":"https:\/\/lucasebok.com\/en\/wp-json\/wp\/v2\/product_cat?post=3768"},{"taxonomy":"product_tag","embeddable":true,"href":"https:\/\/lucasebok.com\/en\/wp-json\/wp\/v2\/product_tag?post=3768"}],"curies":[{"name":"wp","href":"https:\/\/api.w.org\/{rel}","templated":true}]}}