{"id":3764,"date":"2022-04-09T11:33:51","date_gmt":"2022-04-09T11:33:51","guid":{"rendered":"https:\/\/lucasebok.com\/?post_type=product&#038;p=3764"},"modified":"2023-05-14T14:01:23","modified_gmt":"2023-05-14T14:01:23","slug":"buborekos-szett","status":"publish","type":"product","link":"https:\/\/lucasebok.com\/en\/product\/buborekos-szett\/","title":{"rendered":"Bubor\u00e9kos szett"},"content":{"rendered":"","protected":false},"excerpt":{"rendered":"<p><span style=\"font-weight: 400;\">L\u00e1tv\u00e1nyos, de m\u00e9gis harmonikus \u00e9kszer, amit a meleg \u00e9s a vibr\u00e1l\u00e1s ihletett, lekerek\u00edtett formavil\u00e1ga m\u00e9gis puh\u00e1v\u00e1 \u00e9s otthonoss\u00e1 teszik a kompoz\u00edci\u00f3t. Egy \u00e9letre v\u00e1laszt t\u00e1rsat, hiszen els\u0151 haszn\u00e1lat el\u0151tt a testre kell sim\u00edtani. Az olvadt bubor\u00e9kok \u00fagy simulnak a b\u0151rre, mintha a visel\u0151je test melege mag\u00e1ra olvasztotta volna az \u00e9kszert. Ett\u0151l term\u00e9szetesen belesimul\u00f3, m\u00e9gis hihetetlen izgalmas hat\u00e1s\u00fa lesz.<\/p>\n<p>Gy\u0171r\u0171 m\u00e9retez\u00e9s:<br \/>\nXs\u00a0 45-50<br \/>\nS\u00a0 \u00a0 50-55<br \/>\nM\u00a0 \u00a055-60<br \/>\nL\u00a0 \u00a0 60-65<br \/>\n<\/span><\/p>\n<p>A szett tartalma:<br \/>\n<a title=\"Bubor\u00e9kos kark\u00f6t\u0151\" href=\"https:\/\/lucasebok.com\/en\/product\/buborekos-karkoto\/\">Bubor\u00e9kos kark\u00f6t\u0151<\/a><br \/>\n<a title=\"Bubor\u00e9kos nyakl\u00e1nc\" href=\"https:\/\/lucasebok.com\/en\/product\/buborekos-nyaklanc\/\">Bubor\u00e9kos nyakl\u00e1nc<\/a><br \/>\n<a href=\"https:\/\/lucasebok.com\/en\/product\/buborekok\/\">Bubor\u00e9kos gy\u0171r\u0171<\/a><\/p>","protected":false},"featured_media":4104,"template":"","meta":{"_mi_skip_tracking":false,"_monsterinsights_sitenote_active":false,"_monsterinsights_sitenote_note":"","_monsterinsights_sitenote_category":0},"product_cat":[132],"product_tag":[],"class_list":["post-3764","product","type-product","status-publish","has-post-thumbnail","hentry","product_cat-szett"],"aioseo_notices":[],"_links":{"self":[{"href":"https:\/\/lucasebok.com\/en\/wp-json\/wp\/v3\/product\/3764","targetHints":{"allow":["GET"]}}],"collection":[{"href":"https:\/\/lucasebok.com\/en\/wp-json\/wp\/v3\/product"}],"about":[{"href":"https:\/\/lucasebok.com\/en\/wp-json\/wp\/v2\/types\/product"}],"wp:featuredmedia":[{"embeddable":true,"href":"https:\/\/lucasebok.com\/en\/wp-json\/wp\/v2\/media\/4104"}],"wp:attachment":[{"href":"https:\/\/lucasebok.com\/en\/wp-json\/wp\/v2\/media?parent=3764"}],"wp:term":[{"taxonomy":"product_cat","embeddable":true,"href":"https:\/\/lucasebok.com\/en\/wp-json\/wp\/v2\/product_cat?post=3764"},{"taxonomy":"product_tag","embeddable":true,"href":"https:\/\/lucasebok.com\/en\/wp-json\/wp\/v2\/product_tag?post=3764"}],"curies":[{"name":"wp","href":"https:\/\/api.w.org\/{rel}","templated":true}]}}