{"id":3760,"date":"2022-04-09T11:24:34","date_gmt":"2022-04-09T11:24:34","guid":{"rendered":"https:\/\/lucasebok.com\/?post_type=product&#038;p=3760"},"modified":"2023-03-13T20:31:06","modified_gmt":"2023-03-13T20:31:06","slug":"karika-szett","status":"publish","type":"product","link":"https:\/\/lucasebok.com\/en\/product\/karika-szett\/","title":{"rendered":"\u00d6ssze\u00e9r\u0151 k\u00f6r\u00f6k szett"},"content":{"rendered":"","protected":false},"excerpt":{"rendered":"<p><span style=\"font-weight: 400;\">Az \u00f6ssze\u00e9r\u0151 k\u00f6r\u00f6k szettet az afrikai \u00e9kszerek formavil\u00e1ga ihlette. Sz\u00e1momra az \u00f6sszetartoz\u00e1s \u00e9s az egys\u00e9g gondolatis\u00e1g\u00e1t fejezi ki. Er\u0151s \u00e9kszer, ami az \u00f6ssze\u00e9r\u0151 k\u00f6r\u00f6kkel k\u00fcl\u00f6nlegesen hat\u00e1sos, m\u00e1r-m\u00e1r boszork\u00e1nyos. Az \u00e9kszerb\u0151l \u00e1rad\u00f3 elemi harm\u00f3nia h\u00e9tk\u00f6znapokon, de k\u00fcl\u00f6nleges alkalmakon is j\u00f3l j\u00f6n.<\/span>A szett tartalma:<\/p>\n<p><a title=\"Karik\u00e1s f\u00fclbeval\u00f3 kicsi\" href=\"https:\/\/lucasebok.com\/en\/product\/karikas-fulbevalo-nagy-meretu\/\">\u00d6ssze\u00e9r\u0151 k\u00f6r\u00f6k f\u00fclbeval\u00f3<\/a><br \/>\n<a title=\"Karik\u00e1s nyakl\u00e1nc\" href=\"https:\/\/lucasebok.com\/en\/product\/karikas-nyaklanc\/\">\u00d6ssze\u00e9r\u0151 k\u00f6r\u00f6k nyakl\u00e1nc<\/a><\/p>","protected":false},"featured_media":3838,"template":"","meta":{"_mi_skip_tracking":false,"_monsterinsights_sitenote_active":false,"_monsterinsights_sitenote_note":"","_monsterinsights_sitenote_category":0},"product_cat":[132],"product_tag":[],"class_list":["post-3760","product","type-product","status-publish","has-post-thumbnail","hentry","product_cat-szett"],"aioseo_notices":[],"_links":{"self":[{"href":"https:\/\/lucasebok.com\/en\/wp-json\/wp\/v3\/product\/3760","targetHints":{"allow":["GET"]}}],"collection":[{"href":"https:\/\/lucasebok.com\/en\/wp-json\/wp\/v3\/product"}],"about":[{"href":"https:\/\/lucasebok.com\/en\/wp-json\/wp\/v2\/types\/product"}],"wp:featuredmedia":[{"embeddable":true,"href":"https:\/\/lucasebok.com\/en\/wp-json\/wp\/v2\/media\/3838"}],"wp:attachment":[{"href":"https:\/\/lucasebok.com\/en\/wp-json\/wp\/v2\/media?parent=3760"}],"wp:term":[{"taxonomy":"product_cat","embeddable":true,"href":"https:\/\/lucasebok.com\/en\/wp-json\/wp\/v2\/product_cat?post=3760"},{"taxonomy":"product_tag","embeddable":true,"href":"https:\/\/lucasebok.com\/en\/wp-json\/wp\/v2\/product_tag?post=3760"}],"curies":[{"name":"wp","href":"https:\/\/api.w.org\/{rel}","templated":true}]}}