{"id":3754,"date":"2022-04-09T09:47:32","date_gmt":"2022-04-09T09:47:32","guid":{"rendered":"https:\/\/lucasebok.com\/?post_type=product&#038;p=3754"},"modified":"2023-05-14T14:02:11","modified_gmt":"2023-05-14T14:02:11","slug":"vonalas-szett","status":"publish","type":"product","link":"https:\/\/lucasebok.com\/en\/product\/vonalas-szett\/","title":{"rendered":"Vonalas szett"},"content":{"rendered":"","protected":false},"excerpt":{"rendered":"<p>Egyszer\u0171 vonalak \u00e9s m\u00e9gis j\u00f3 r\u00e1n\u00e9zni. Tengelyek, amik sosem tal\u00e1lkoznak \u00e9s m\u00e9gis k\u00fcr\u00f6lfonj\u00e1k a testet. Elgondolkodtat\u00f3 \u00e9s meditat\u00edv \u00e9kszer, ami nyugodt \u00e9s m\u00e9gis provokat\u00edv hat\u00e1st kelt. Kifejezetten kellemes viselet, ami izgalmas k\u00f6lcs\u00f6nhat\u00e1sban van szem\u00e9lyis\u00e9geddel.<\/p>\n<p><span style=\"font-weight: 400;\">Gy\u0171r\u0171 m\u00e9retez\u00e9s:<br \/>\nXs\u00a0 45-50<br \/>\nS\u00a0 \u00a0 50-55<br \/>\nM\u00a0 \u00a055-60<br \/>\nL\u00a0 \u00a0 60-65<\/span><\/p>\n<p>A szett tartalma:<br \/>\n<a title=\"Vonalas f\u00fclbeval\u00f3\" href=\"https:\/\/lucasebok.com\/en\/product\/vonalas-fulbevalo\/\">Vonalas f\u00fclbeval\u00f3<\/a><br \/>\n<a title=\"Vonalas kark\u00f6t\u0151\" href=\"https:\/\/lucasebok.com\/en\/product\/vonalas-karkoto\/\">Vonalas kark\u00f6t\u0151<\/a><br \/>\n<a title=\"Vonalas gy\u0171r\u0171\" href=\"https:\/\/lucasebok.com\/en\/product\/vonalas-gyuru\/\">Vonalas gy\u0171r\u0171<\/a><\/p>","protected":false},"featured_media":3841,"template":"","meta":{"_mi_skip_tracking":false,"_monsterinsights_sitenote_active":false,"_monsterinsights_sitenote_note":"","_monsterinsights_sitenote_category":0},"product_cat":[132],"product_tag":[],"class_list":["post-3754","product","type-product","status-publish","has-post-thumbnail","hentry","product_cat-szett"],"aioseo_notices":[],"_links":{"self":[{"href":"https:\/\/lucasebok.com\/en\/wp-json\/wp\/v3\/product\/3754","targetHints":{"allow":["GET"]}}],"collection":[{"href":"https:\/\/lucasebok.com\/en\/wp-json\/wp\/v3\/product"}],"about":[{"href":"https:\/\/lucasebok.com\/en\/wp-json\/wp\/v2\/types\/product"}],"wp:featuredmedia":[{"embeddable":true,"href":"https:\/\/lucasebok.com\/en\/wp-json\/wp\/v2\/media\/3841"}],"wp:attachment":[{"href":"https:\/\/lucasebok.com\/en\/wp-json\/wp\/v2\/media?parent=3754"}],"wp:term":[{"taxonomy":"product_cat","embeddable":true,"href":"https:\/\/lucasebok.com\/en\/wp-json\/wp\/v2\/product_cat?post=3754"},{"taxonomy":"product_tag","embeddable":true,"href":"https:\/\/lucasebok.com\/en\/wp-json\/wp\/v2\/product_tag?post=3754"}],"curies":[{"name":"wp","href":"https:\/\/api.w.org\/{rel}","templated":true}]}}