{"id":3700,"date":"2022-02-28T19:36:46","date_gmt":"2022-02-28T19:36:46","guid":{"rendered":"https:\/\/lucasebok.com\/?post_type=product&#038;p=3700"},"modified":"2025-05-31T14:06:40","modified_gmt":"2025-05-31T14:06:40","slug":"miru-gyuru","status":"publish","type":"product","link":"https:\/\/lucasebok.com\/en\/product\/miru-gyuru\/","title":{"rendered":"Miru gy\u0171r\u0171"},"content":{"rendered":"","protected":false},"excerpt":{"rendered":"<p><span style=\"font-weight: 400;\">L\u00e1tv\u00e1nyos, de m\u00e9gis harmonikus \u00e9kszer, amit a meleg \u00e9s a vibr\u00e1l\u00e1s ihletett, lekerek\u00edtett formavil\u00e1ga m\u00e9gis puh\u00e1v\u00e1 \u00e9s otthonoss\u00e1 teszik a kompoz\u00edci\u00f3t. Egy \u00e9letre v\u00e1laszt t\u00e1rsat, hiszen els\u0151 haszn\u00e1lat el\u0151tt a testre kell sim\u00edtani. Az olvadt bubor\u00e9kok \u00fagy simulnak a b\u0151rre, mintha a visel\u0151je test melege mag\u00e1ra olvasztotta volna az \u00e9kszert. Ett\u0151l term\u00e9szetesen belesimul\u00f3, m\u00e9gis hihetetlen izgalmas hat\u00e1s\u00fa lesz.<\/span><\/p>\n<p>M\u00e9retez\u00e9s:<br \/>\nXS\u00a0 45-50<br \/>\nS\u00a0 \u00a0 50-55<br \/>\nM\u00a0 \u00a055-60<br \/>\nL\u00a0 \u00a0 60-65<\/p>","protected":false},"featured_media":4403,"template":"","meta":{"_mi_skip_tracking":false,"_monsterinsights_sitenote_active":false,"_monsterinsights_sitenote_note":"","_monsterinsights_sitenote_category":0},"product_cat":[71],"product_tag":[],"class_list":["post-3700","product","type-product","status-publish","has-post-thumbnail","hentry","product_cat-gyuru"],"aioseo_notices":[],"_links":{"self":[{"href":"https:\/\/lucasebok.com\/en\/wp-json\/wp\/v3\/product\/3700","targetHints":{"allow":["GET"]}}],"collection":[{"href":"https:\/\/lucasebok.com\/en\/wp-json\/wp\/v3\/product"}],"about":[{"href":"https:\/\/lucasebok.com\/en\/wp-json\/wp\/v2\/types\/product"}],"wp:featuredmedia":[{"embeddable":true,"href":"https:\/\/lucasebok.com\/en\/wp-json\/wp\/v2\/media\/4403"}],"wp:attachment":[{"href":"https:\/\/lucasebok.com\/en\/wp-json\/wp\/v2\/media?parent=3700"}],"wp:term":[{"taxonomy":"product_cat","embeddable":true,"href":"https:\/\/lucasebok.com\/en\/wp-json\/wp\/v2\/product_cat?post=3700"},{"taxonomy":"product_tag","embeddable":true,"href":"https:\/\/lucasebok.com\/en\/wp-json\/wp\/v2\/product_tag?post=3700"}],"curies":[{"name":"wp","href":"https:\/\/api.w.org\/{rel}","templated":true}]}}