{"id":3691,"date":"2021-11-05T10:25:11","date_gmt":"2021-11-05T10:25:11","guid":{"rendered":"https:\/\/lucasebok.com\/?post_type=product&#038;p=3691"},"modified":"2025-05-31T14:09:33","modified_gmt":"2025-05-31T14:09:33","slug":"vonalas-gyuru","status":"publish","type":"product","link":"https:\/\/lucasebok.com\/en\/product\/vonalas-gyuru\/","title":{"rendered":"Vonalas gy\u0171r\u0171"},"content":{"rendered":"","protected":false},"excerpt":{"rendered":"<p><span style=\"font-weight: 400;\">Egyszer\u0171 vonalak \u00e9s m\u00e9gis j\u00f3 r\u00e1n\u00e9zni. Tengelyek, amik sosem tal\u00e1lkoznak \u00e9s m\u00e9gis k\u00f6r\u00fclfonj\u00e1k a testet. Elgondolkodtat\u00f3 \u00e9s meditat\u00edv \u00e9kszer, ami nyugodt \u00e9s m\u00e9gis provokat\u00edv hat\u00e1st kelt. Kifejezetten kellemes viselet, ami izgalmas k\u00f6lcs\u00f6nhat\u00e1sban van szem\u00e9lyis\u00e9geddel.<br \/>\n<\/span>3 mm vastag 1 cm \u00e9s 3 cm vonalak \u00e1llnak egym\u00e1ssal szemben.<\/p>\n<p>M\u00e9retez\u00e9s:<br \/>\nXS\u00a0 45-50<br \/>\nS\u00a0 \u00a0 50-55<br \/>\nM\u00a0 \u00a055-60<br \/>\nL\u00a0 \u00a0 60-65<\/p>","protected":false},"featured_media":3829,"template":"","meta":{"_mi_skip_tracking":false,"_monsterinsights_sitenote_active":false,"_monsterinsights_sitenote_note":"","_monsterinsights_sitenote_category":0},"product_cat":[71],"product_tag":[],"class_list":["post-3691","product","type-product","status-publish","has-post-thumbnail","hentry","product_cat-gyuru"],"aioseo_notices":[],"_links":{"self":[{"href":"https:\/\/lucasebok.com\/en\/wp-json\/wp\/v3\/product\/3691","targetHints":{"allow":["GET"]}}],"collection":[{"href":"https:\/\/lucasebok.com\/en\/wp-json\/wp\/v3\/product"}],"about":[{"href":"https:\/\/lucasebok.com\/en\/wp-json\/wp\/v2\/types\/product"}],"wp:featuredmedia":[{"embeddable":true,"href":"https:\/\/lucasebok.com\/en\/wp-json\/wp\/v2\/media\/3829"}],"wp:attachment":[{"href":"https:\/\/lucasebok.com\/en\/wp-json\/wp\/v2\/media?parent=3691"}],"wp:term":[{"taxonomy":"product_cat","embeddable":true,"href":"https:\/\/lucasebok.com\/en\/wp-json\/wp\/v2\/product_cat?post=3691"},{"taxonomy":"product_tag","embeddable":true,"href":"https:\/\/lucasebok.com\/en\/wp-json\/wp\/v2\/product_tag?post=3691"}],"curies":[{"name":"wp","href":"https:\/\/api.w.org\/{rel}","templated":true}]}}