{"id":3628,"date":"2021-11-05T10:17:54","date_gmt":"2021-11-05T10:17:54","guid":{"rendered":"https:\/\/lucasebok.com\/?post_type=product&#038;p=3628"},"modified":"2025-05-31T14:08:21","modified_gmt":"2025-05-31T14:08:21","slug":"olelo-gyuru","status":"publish","type":"product","link":"https:\/\/lucasebok.com\/en\/product\/olelo-gyuru\/","title":{"rendered":"\u00d6lel\u0151 gy\u0171r\u0171"},"content":{"rendered":"","protected":false},"excerpt":{"rendered":"<p><span style=\"font-weight: 400;\">Kecses \u00e9s nagyon egyedi fazon. Finom form\u00e1j\u00e1val kellemesen \u00f6leli \u00e1t az ujjat. Egyed\u00fcl vagy t\u00f6bbedmag\u00e1val is viselhet\u0151. K\u00fcl\u00f6nb\u00f6z\u0151 m\u00e9retekben k\u00e9sz\u00edtem, ez\u00e9rt k\u00fcl\u00f6nb\u00f6z\u0151 ujjperceken hordva igaz\u00e1n izgalmas hat\u00e1st kelt. Kifejezetten k\u00e9nyelmes gy\u0171r\u0171, amit mindennapos haszn\u00e1latra aj\u00e1nlok. Raszta- vagy l\u00e1bujjgy\u0171r\u0171k\u00e9nt is haszn\u00e1lhat\u00f3.<\/p>\n<p>M\u00e9retez\u00e9s:<br \/>\nXS\u00a0 45-50<br \/>\nS\u00a0 \u00a0 50-55<br \/>\nM\u00a0 \u00a055-60<br \/>\nL\u00a0 \u00a0 60-65 <\/span><\/p>","protected":false},"featured_media":3852,"template":"","meta":{"_mi_skip_tracking":false,"_monsterinsights_sitenote_active":false,"_monsterinsights_sitenote_note":"","_monsterinsights_sitenote_category":0},"product_cat":[71],"product_tag":[],"class_list":["post-3628","product","type-product","status-publish","has-post-thumbnail","hentry","product_cat-gyuru"],"aioseo_notices":[],"_links":{"self":[{"href":"https:\/\/lucasebok.com\/en\/wp-json\/wp\/v3\/product\/3628","targetHints":{"allow":["GET"]}}],"collection":[{"href":"https:\/\/lucasebok.com\/en\/wp-json\/wp\/v3\/product"}],"about":[{"href":"https:\/\/lucasebok.com\/en\/wp-json\/wp\/v2\/types\/product"}],"wp:featuredmedia":[{"embeddable":true,"href":"https:\/\/lucasebok.com\/en\/wp-json\/wp\/v2\/media\/3852"}],"wp:attachment":[{"href":"https:\/\/lucasebok.com\/en\/wp-json\/wp\/v2\/media?parent=3628"}],"wp:term":[{"taxonomy":"product_cat","embeddable":true,"href":"https:\/\/lucasebok.com\/en\/wp-json\/wp\/v2\/product_cat?post=3628"},{"taxonomy":"product_tag","embeddable":true,"href":"https:\/\/lucasebok.com\/en\/wp-json\/wp\/v2\/product_tag?post=3628"}],"curies":[{"name":"wp","href":"https:\/\/api.w.org\/{rel}","templated":true}]}}