{"id":3614,"date":"2021-11-02T18:41:18","date_gmt":"2021-11-02T18:41:18","guid":{"rendered":"https:\/\/lucasebok.com\/?post_type=product&#038;p=3614"},"modified":"2025-05-31T13:46:19","modified_gmt":"2025-05-31T13:46:19","slug":"vajak-nagy-fulbevalo","status":"publish","type":"product","link":"https:\/\/lucasebok.com\/en\/product\/vajak-nagy-fulbevalo\/","title":{"rendered":"Vaj\u00e1k nagy f\u00fclbeval\u00f3"},"content":{"rendered":"","protected":false},"excerpt":{"rendered":"<p>A f\u00fclbeval\u00f3 akaszt\u00f3val egy\u00fctt 5,5 cm hossz\u00fa \u00e9s 4 cm sz\u00e9les.<\/p>","protected":false},"featured_media":3857,"template":"","meta":{"_mi_skip_tracking":false,"_monsterinsights_sitenote_active":false,"_monsterinsights_sitenote_note":"","_monsterinsights_sitenote_category":0},"product_cat":[75],"product_tag":[],"class_list":["post-3614","product","type-product","status-publish","has-post-thumbnail","hentry","product_cat-fulbevalok"],"aioseo_notices":[],"_links":{"self":[{"href":"https:\/\/lucasebok.com\/en\/wp-json\/wp\/v3\/product\/3614","targetHints":{"allow":["GET"]}}],"collection":[{"href":"https:\/\/lucasebok.com\/en\/wp-json\/wp\/v3\/product"}],"about":[{"href":"https:\/\/lucasebok.com\/en\/wp-json\/wp\/v2\/types\/product"}],"wp:featuredmedia":[{"embeddable":true,"href":"https:\/\/lucasebok.com\/en\/wp-json\/wp\/v2\/media\/3857"}],"wp:attachment":[{"href":"https:\/\/lucasebok.com\/en\/wp-json\/wp\/v2\/media?parent=3614"}],"wp:term":[{"taxonomy":"product_cat","embeddable":true,"href":"https:\/\/lucasebok.com\/en\/wp-json\/wp\/v2\/product_cat?post=3614"},{"taxonomy":"product_tag","embeddable":true,"href":"https:\/\/lucasebok.com\/en\/wp-json\/wp\/v2\/product_tag?post=3614"}],"curies":[{"name":"wp","href":"https:\/\/api.w.org\/{rel}","templated":true}]}}