{"id":3593,"date":"2021-11-02T18:23:33","date_gmt":"2021-11-02T18:23:33","guid":{"rendered":"https:\/\/lucasebok.com\/?post_type=product&#038;p=3593"},"modified":"2025-05-31T13:47:34","modified_gmt":"2025-05-31T13:47:34","slug":"vonalas-fulbevalo","status":"publish","type":"product","link":"https:\/\/lucasebok.com\/en\/product\/vonalas-fulbevalo\/","title":{"rendered":"Vonalas f\u00fclbeval\u00f3"},"content":{"rendered":"","protected":false},"excerpt":{"rendered":"<p><span style=\"font-weight: 400;\">Egyszer\u0171 vonalak \u00e9s m\u00e9gis j\u00f3 r\u00e1n\u00e9zni. Tengelyek, amik sosem tal\u00e1lkoznak \u00e9s m\u00e9gis k\u00f6r\u00fclfonj\u00e1k a testet. Elgondolkodtat\u00f3 \u00e9s meditat\u00edv \u00e9kszer, ami nyugodt \u00e9s m\u00e9gis provokat\u00edv hat\u00e1st kelt. Kifejezetten kellemes viselet, ami izgalmas k\u00f6lcs\u00f6nhat\u00e1sban van szem\u00e9lyis\u00e9geddel.\u00a0<\/span><\/p>","protected":false},"featured_media":4105,"template":"","meta":{"_mi_skip_tracking":false,"_monsterinsights_sitenote_active":false,"_monsterinsights_sitenote_note":"","_monsterinsights_sitenote_category":0},"product_cat":[75],"product_tag":[],"class_list":["post-3593","product","type-product","status-publish","has-post-thumbnail","hentry","product_cat-fulbevalok"],"aioseo_notices":[],"_links":{"self":[{"href":"https:\/\/lucasebok.com\/en\/wp-json\/wp\/v3\/product\/3593","targetHints":{"allow":["GET"]}}],"collection":[{"href":"https:\/\/lucasebok.com\/en\/wp-json\/wp\/v3\/product"}],"about":[{"href":"https:\/\/lucasebok.com\/en\/wp-json\/wp\/v2\/types\/product"}],"wp:featuredmedia":[{"embeddable":true,"href":"https:\/\/lucasebok.com\/en\/wp-json\/wp\/v2\/media\/4105"}],"wp:attachment":[{"href":"https:\/\/lucasebok.com\/en\/wp-json\/wp\/v2\/media?parent=3593"}],"wp:term":[{"taxonomy":"product_cat","embeddable":true,"href":"https:\/\/lucasebok.com\/en\/wp-json\/wp\/v2\/product_cat?post=3593"},{"taxonomy":"product_tag","embeddable":true,"href":"https:\/\/lucasebok.com\/en\/wp-json\/wp\/v2\/product_tag?post=3593"}],"curies":[{"name":"wp","href":"https:\/\/api.w.org\/{rel}","templated":true}]}}