{"id":3581,"date":"2021-11-02T17:53:15","date_gmt":"2021-11-02T17:53:15","guid":{"rendered":"https:\/\/lucasebok.com\/?post_type=product&#038;p=3581"},"modified":"2025-05-31T13:38:34","modified_gmt":"2025-05-31T13:38:34","slug":"puabi-fulbevalo-lanccal","status":"publish","type":"product","link":"https:\/\/lucasebok.com\/en\/product\/puabi-fulbevalo-lanccal\/","title":{"rendered":"Puabi f\u00fclbeval\u00f3 l\u00e1nccal"},"content":{"rendered":"","protected":false},"excerpt":{"rendered":"<p><span style=\"font-weight: 400;\">A kollekci\u00f3t Puabi kir\u00e1lyn\u0151 egy csod\u00e1s fejd\u00edsze ihlette, amit apr\u00f3cska levelek d\u00edsz\u00edtenek. A sum\u00e9r kir\u00e1lyn\u0151 sz\u00e1m\u00e1ra a legpomp\u00e1sabb d\u00edsz a term\u00e9szet volt, sz\u00e1momra ez t\u00f6bb mint 4 ezer \u00e9vvel k\u00e9s\u0151bb m\u00e9g mindig a legszebb h\u00e1ttere az arcnak.<br \/>\n<\/span><br \/>\nAkaszt\u00f3val egy\u00fctt 7-8 cm hossz\u00fa \u00e9s 1 cm sz\u00e9les.<\/p>","protected":false},"featured_media":3935,"template":"","meta":{"_mi_skip_tracking":false,"_monsterinsights_sitenote_active":false,"_monsterinsights_sitenote_note":"","_monsterinsights_sitenote_category":0},"product_cat":[75],"product_tag":[],"class_list":["post-3581","product","type-product","status-publish","has-post-thumbnail","hentry","product_cat-fulbevalok"],"aioseo_notices":[],"_links":{"self":[{"href":"https:\/\/lucasebok.com\/en\/wp-json\/wp\/v3\/product\/3581","targetHints":{"allow":["GET"]}}],"collection":[{"href":"https:\/\/lucasebok.com\/en\/wp-json\/wp\/v3\/product"}],"about":[{"href":"https:\/\/lucasebok.com\/en\/wp-json\/wp\/v2\/types\/product"}],"wp:featuredmedia":[{"embeddable":true,"href":"https:\/\/lucasebok.com\/en\/wp-json\/wp\/v2\/media\/3935"}],"wp:attachment":[{"href":"https:\/\/lucasebok.com\/en\/wp-json\/wp\/v2\/media?parent=3581"}],"wp:term":[{"taxonomy":"product_cat","embeddable":true,"href":"https:\/\/lucasebok.com\/en\/wp-json\/wp\/v2\/product_cat?post=3581"},{"taxonomy":"product_tag","embeddable":true,"href":"https:\/\/lucasebok.com\/en\/wp-json\/wp\/v2\/product_tag?post=3581"}],"curies":[{"name":"wp","href":"https:\/\/api.w.org\/{rel}","templated":true}]}}