{"id":3538,"date":"2021-11-02T16:42:33","date_gmt":"2021-11-02T16:42:33","guid":{"rendered":"https:\/\/lucasebok.com\/?post_type=product&#038;p=3538"},"modified":"2024-11-20T20:05:48","modified_gmt":"2024-11-20T20:05:48","slug":"vajak-nyakek","status":"publish","type":"product","link":"https:\/\/lucasebok.com\/en\/product\/vajak-nyakek\/","title":{"rendered":"Vaj\u00e1k nyak\u00e9k"},"content":{"rendered":"","protected":false},"excerpt":{"rendered":"<p><span style=\"font-weight: 400;\">Az \u00f6ssze\u00e9r\u0151 k\u00f6r\u00f6k szettet az afrikai \u00e9kszerek formavil\u00e1ga ihlette. Sz\u00e1momra az \u00f6sszetartoz\u00e1s \u00e9s az egys\u00e9g gondolatis\u00e1g\u00e1t fejezi ki. Er\u0151s \u00e9kszer, ami az \u00f6ssze\u00e9r\u0151 k\u00f6r\u00f6kkel k\u00fcl\u00f6nlegesen hat\u00e1sos, m\u00e1r-m\u00e1r boszork\u00e1nyos. Az \u00e9kszerb\u0151l \u00e1rad\u00f3 elemi harm\u00f3nia h\u00e9tk\u00f6znapokon, de k\u00fcl\u00f6nleges alkalmakon is j\u00f3l j\u00f6n.<\/span><\/p>\n<p>A nyakon fut\u00f3 r\u00e9sz 45 cm hossz\u00fa, a k\u00e9t v\u00e9g\u00e9n tal\u00e1lhat\u00f3 karika 2-4cm sz\u00e9les.<\/p>","protected":false},"featured_media":4075,"template":"","meta":{"_mi_skip_tracking":false,"_monsterinsights_sitenote_active":false,"_monsterinsights_sitenote_note":"","_monsterinsights_sitenote_category":0},"product_cat":[73],"product_tag":[],"class_list":["post-3538","product","type-product","status-publish","has-post-thumbnail","hentry","product_cat-nyaklanc"],"aioseo_notices":[],"_links":{"self":[{"href":"https:\/\/lucasebok.com\/en\/wp-json\/wp\/v3\/product\/3538","targetHints":{"allow":["GET"]}}],"collection":[{"href":"https:\/\/lucasebok.com\/en\/wp-json\/wp\/v3\/product"}],"about":[{"href":"https:\/\/lucasebok.com\/en\/wp-json\/wp\/v2\/types\/product"}],"wp:featuredmedia":[{"embeddable":true,"href":"https:\/\/lucasebok.com\/en\/wp-json\/wp\/v2\/media\/4075"}],"wp:attachment":[{"href":"https:\/\/lucasebok.com\/en\/wp-json\/wp\/v2\/media?parent=3538"}],"wp:term":[{"taxonomy":"product_cat","embeddable":true,"href":"https:\/\/lucasebok.com\/en\/wp-json\/wp\/v2\/product_cat?post=3538"},{"taxonomy":"product_tag","embeddable":true,"href":"https:\/\/lucasebok.com\/en\/wp-json\/wp\/v2\/product_tag?post=3538"}],"curies":[{"name":"wp","href":"https:\/\/api.w.org\/{rel}","templated":true}]}}