{"id":3533,"date":"2021-11-02T16:37:22","date_gmt":"2021-11-02T16:37:22","guid":{"rendered":"https:\/\/lucasebok.com\/?post_type=product&#038;p=3533"},"modified":"2024-11-20T19:59:04","modified_gmt":"2024-11-20T19:59:04","slug":"miru-nyaklanc","status":"publish","type":"product","link":"https:\/\/lucasebok.com\/en\/product\/miru-nyaklanc\/","title":{"rendered":"Miru nyakl\u00e1nc"},"content":{"rendered":"","protected":false},"excerpt":{"rendered":"<p><span style=\"font-weight: 400;\">L\u00e1tv\u00e1nyos, de m\u00e9gis harmonikus \u00e9kszer, amit a meleg \u00e9s a vibr\u00e1l\u00e1s ihletett, lekerek\u00edtett formavil\u00e1ga m\u00e9gis puh\u00e1v\u00e1 \u00e9s otthonoss\u00e1 teszik a kompoz\u00edci\u00f3t. Egy \u00e9letre v\u00e1laszt t\u00e1rsat, hiszen els\u0151 haszn\u00e1lat el\u0151tt a testre kell sim\u00edtani. Az olvadt bubor\u00e9kok \u00fagy simulnak a b\u0151rre, mintha a visel\u0151je test melege mag\u00e1ra olvasztotta volna az \u00e9kszert. Ett\u0151l term\u00e9szetesen belesimul\u00f3, m\u00e9gis hihetetlen izgalmas hat\u00e1s\u00fa lesz.<\/span><\/p>\n<p>A bubor\u00e9kok m\u00e9rete 2-4 cm, kb 40 cm hossz\u00fa \u00e9s kb 19 cm sz\u00e9les.<\/p>","protected":false},"featured_media":3835,"template":"","meta":{"_mi_skip_tracking":false,"_monsterinsights_sitenote_active":false,"_monsterinsights_sitenote_note":"","_monsterinsights_sitenote_category":0},"product_cat":[73],"product_tag":[],"class_list":["post-3533","product","type-product","status-publish","has-post-thumbnail","hentry","product_cat-nyaklanc"],"aioseo_notices":[],"_links":{"self":[{"href":"https:\/\/lucasebok.com\/en\/wp-json\/wp\/v3\/product\/3533","targetHints":{"allow":["GET"]}}],"collection":[{"href":"https:\/\/lucasebok.com\/en\/wp-json\/wp\/v3\/product"}],"about":[{"href":"https:\/\/lucasebok.com\/en\/wp-json\/wp\/v2\/types\/product"}],"wp:featuredmedia":[{"embeddable":true,"href":"https:\/\/lucasebok.com\/en\/wp-json\/wp\/v2\/media\/3835"}],"wp:attachment":[{"href":"https:\/\/lucasebok.com\/en\/wp-json\/wp\/v2\/media?parent=3533"}],"wp:term":[{"taxonomy":"product_cat","embeddable":true,"href":"https:\/\/lucasebok.com\/en\/wp-json\/wp\/v2\/product_cat?post=3533"},{"taxonomy":"product_tag","embeddable":true,"href":"https:\/\/lucasebok.com\/en\/wp-json\/wp\/v2\/product_tag?post=3533"}],"curies":[{"name":"wp","href":"https:\/\/api.w.org\/{rel}","templated":true}]}}