{"id":3524,"date":"2021-11-02T16:22:39","date_gmt":"2021-11-02T16:22:39","guid":{"rendered":"https:\/\/lucasebok.com\/?post_type=product&#038;p=3524"},"modified":"2025-08-05T15:48:47","modified_gmt":"2025-08-05T15:48:47","slug":"puabi-nyakek-otlevelu","status":"publish","type":"product","link":"https:\/\/lucasebok.com\/en\/product\/puabi-nyakek-otlevelu\/","title":{"rendered":"Puabi nyak\u00e9k \u00f6tlevel\u0171"},"content":{"rendered":"","protected":false},"excerpt":{"rendered":"<p>A nyakon l\u00e9v\u0151 r\u00e9sz 60 cm hossz\u00fa. A levelek m\u00e9rete kb. 5 cm x 2,5 cm.<\/p>","protected":false},"featured_media":3933,"template":"","meta":{"_mi_skip_tracking":false,"_monsterinsights_sitenote_active":false,"_monsterinsights_sitenote_note":"","_monsterinsights_sitenote_category":0},"product_cat":[73],"product_tag":[],"class_list":["post-3524","product","type-product","status-publish","has-post-thumbnail","hentry","product_cat-nyaklanc"],"aioseo_notices":[],"_links":{"self":[{"href":"https:\/\/lucasebok.com\/en\/wp-json\/wp\/v3\/product\/3524","targetHints":{"allow":["GET"]}}],"collection":[{"href":"https:\/\/lucasebok.com\/en\/wp-json\/wp\/v3\/product"}],"about":[{"href":"https:\/\/lucasebok.com\/en\/wp-json\/wp\/v2\/types\/product"}],"wp:featuredmedia":[{"embeddable":true,"href":"https:\/\/lucasebok.com\/en\/wp-json\/wp\/v2\/media\/3933"}],"wp:attachment":[{"href":"https:\/\/lucasebok.com\/en\/wp-json\/wp\/v2\/media?parent=3524"}],"wp:term":[{"taxonomy":"product_cat","embeddable":true,"href":"https:\/\/lucasebok.com\/en\/wp-json\/wp\/v2\/product_cat?post=3524"},{"taxonomy":"product_tag","embeddable":true,"href":"https:\/\/lucasebok.com\/en\/wp-json\/wp\/v2\/product_tag?post=3524"}],"curies":[{"name":"wp","href":"https:\/\/api.w.org\/{rel}","templated":true}]}}