{"id":72,"date":"2019-03-17T17:19:40","date_gmt":"2019-03-17T17:19:40","guid":{"rendered":"https:\/\/goya.everthemes.com\/demo-basic\/?page_id=72"},"modified":"2023-05-17T19:58:35","modified_gmt":"2023-05-17T19:58:35","slug":"terms-conditions","status":"publish","type":"page","link":"https:\/\/lucasebok.com\/en\/terms-conditions\/","title":{"rendered":"\u00c1ltal\u00e1nos szerz\u0151d\u00e9si felt\u00e9telek"},"content":{"rendered":"<p>K\u00f6sz\u00f6n\u00f6m, hogy n\u00e1lam v\u00e1s\u00e1rol!<\/p>\n\n\n\n<p>K\u00e9rj\u00fck, hogy megrendel\u00e9se v\u00e9gleges\u00edt\u00e9se el\u0151tt figyelmesen olvassa el a jelen dokumentumot, mert megrendel\u00e9se v\u00e9gleges\u00edt\u00e9s\u00e9vel \u00d6n elfogadja a jelen \u00c1SZF tartalm\u00e1t.<\/p>\n\n\n\n<p>Ha a jelen \u00c1ltal\u00e1nos Szerz\u0151d\u00e9si Felt\u00e9telekkel, a honlap haszn\u00e1lat\u00e1val, az egyes term\u00e9kekkel, a v\u00e1s\u00e1rl\u00e1s menet\u00e9vel kapcsolatban k\u00e9rd\u00e9se mer\u00fclt fel, vagy amennyiben egyedi ig\u00e9ny\u00e9t szeretn\u00e9 velem megbesz\u00e9lni, \u00fagy k\u00e9rem, vegye fel velem a kapcsolatot a megadott el\u00e9rhet\u0151s\u00e9geken!<\/p>\n\n\n\n<p>A LucaSebokjewelry web\u00e1ruh\u00e1z haszn\u00e1lat\u00e1val a felhaszn\u00e1l\u00f3 kijelenti, hogy egyet\u00e9rt az \u00c1ltal\u00e1nos Szerz\u0151d\u00e9si \u00e9s Felhaszn\u00e1l\u00e1si Felt\u00e9telek tartalm\u00e1val.<\/p>\n\n\n\n<p>A rendel\u00e9s lead\u00e1s\u00e1val a v\u00e1s\u00e1rl\u00f3 kijelenti, hogy elm\u00falt 18 \u00e9ves, vagy ha nem, a v\u00e1s\u00e1rl\u00e1shoz sz\u00fcl\u0151i hozz\u00e1j\u00e1rul\u00e1ssal rendelkezik.<\/p>\n\n\n\n<p>Minden velem megosztott inform\u00e1ci\u00f3t bizalmasan kezelek.<\/p>\n\n\n\n<p>Minden rendel\u00e9sn\u00e9l a rendel\u00e9s lead\u00e1sakor megjelen\u00edtett aktu\u00e1lis \u00e1r ker\u00fcl felsz\u00e1mol\u00e1sra, ezen k\u00edv\u00fcl a LucaSebokjewelry web\u00e1ruh\u00e1z fenntartja az \u00e1rak megv\u00e1ltoztat\u00e1s\u00e1nak a jog\u00e1t.<\/p>\n\n\n\n<p>A term\u00e9kek mellett felt\u00fcntetett \u00e1rak nem tartalmazz\u00e1k a sz\u00e1ll\u00edt\u00e1s k\u00f6lts\u00e9geit, ez a rendel\u00e9s lead\u00e1sakor, a v\u00e9g\u00f6sszeghez ker\u00fcl hozz\u00e1ad\u00e1sra.<\/p>\n\n\n\n<p>Az online bankk\u00e1rty\u00e1s fizet\u00e9sek a Barion rendszer\u00e9n kereszt\u00fcl val\u00f3sulnak meg. A bankk\u00e1rtya adatok a keresked\u0151h\u00f6z nem jutnak el. A szolg\u00e1ltat\u00e1st ny\u00fajt\u00f3 Barion Payment Zrt. a Magyar Nemzeti Bank fel\u00fcgyelete alatt \u00e1ll\u00f3 int\u00e9zm\u00e9ny, enged\u00e9ly\u00e9nek sz\u00e1ma: H-EN-I-1064\/2013.<\/p>\n\n\n\n<p>A vev\u0151nek joga van v\u00e1s\u00e1rl\u00e1si sz\u00e1nd\u00e9k\u00e1t\u00f3l a term\u00e9k k\u00e9zhezv\u00e9tel\u00e9t k\u00f6vet\u0151 14 napon bel\u00fcl el\u00e1llni. Ha a v\u00e1s\u00e1rl\u00f3 \u00e9lni k\u00edv\u00e1n ezzel a joggal, e-mail \u00fczenet form\u00e1j\u00e1ban jeleznie kell. Ugyan\u00edgy, 8 napon bel\u00fcl a term\u00e9k m\u00e1s term\u00e9kre cser\u00e9lhet\u0151, az \u00e9rt\u00e9kk\u00fcl\u00f6nb\u00f6zet kifizet\u00e9se mellett.<\/p>\n\n\n\n<p>A LucaSebokjewelry term\u00e9kek meghib\u00e1sod\u00e1sa eset\u00e9n 10.000 forint alatti v\u00e1s\u00e1rl\u00e1s eset\u00e9n nem k\u00f6teles garanci\u00e1t v\u00e1llalni, 10.000 forint f\u00f6l\u00f6tti megv\u00e1s\u00e1rolt term\u00e9kre a fogyaszt\u00f3i 1\u00e9v (12 h\u00f3nap) garanci\u00e1t v\u00e1llal.<\/p>\n\n\n\n<p>A nem rendeltet\u00e9sszer\u0171 haszn\u00e1latb\u00f3l fakad\u00f3 hib\u00e1kra a garancia nem vonatkozik.<\/p>\n\n\n\n<p>Gy\u0171r\u0171 rendel\u00e9se eset\u00e9n a LucaSebokJewelry nem v\u00e1llal m\u00e9ret garanci\u00e1t.<\/p>\n\n\n\n<p>Minden \u00e9kszer egyedileg k\u00e9sz\u00fcl, a fizet\u00e9s megt\u00f6rt\u00e9nte ut\u00e1n, ez maximum 10-15 napt\u00e1ri napot vesz ig\u00e9nybe. Az \u00e9kszer fut\u00e1rszolg\u00e1lattal t\u00f6rt\u00e9n\u0151 k\u00e9zbes\u00edt\u00e9s\u00e9re vagy a szem\u00e9lyes \u00e1tv\u00e9telre ezut\u00e1n ker\u00fcl sor.<\/p>\n\n\n\n<p>A https:\/\/www.lucasebok.com web\u00e1ruh\u00e1z b\u00f6ng\u00e9sz\u00e9s\u00e9vel \u00e9s haszn\u00e1lat\u00e1val \u00d6n kijelenti, hogy elolvasta \u00e9s elfogadta annak haszn\u00e1lat\u00e1ra \u00e9s szolg\u00e1ltat\u00e1saira vonatkoz\u00f3 szerz\u0151d\u00e9si felt\u00e9teleket, adatkezel\u00e9si elveket \u00e9s annak minden pontj\u00e1val egyet\u00e9rt. Egyet nem \u00e9rt\u00e9s eset\u00e9n a rendszer nem haszn\u00e1lhat\u00f3.<\/p>","protected":false},"excerpt":{"rendered":"<p>K\u00f6sz\u00f6n\u00f6m, hogy n\u00e1lam v\u00e1s\u00e1rol! K\u00e9rj\u00fck, hogy megrendel\u00e9se v\u00e9gleges\u00edt\u00e9se el\u0151tt figyelmesen olvassa el a jelen dokumentumot, mert megrendel\u00e9se v\u00e9gleges\u00edt\u00e9s\u00e9vel \u00d6n elfogadja a jelen \u00c1SZF tartalm\u00e1t. Ha a jelen \u00c1ltal\u00e1nos Szerz\u0151d\u00e9si Felt\u00e9telekkel, a honlap haszn\u00e1lat\u00e1val, az egyes term\u00e9kekkel, a v\u00e1s\u00e1rl\u00e1s menet\u00e9vel kapcsolatban k\u00e9rd\u00e9se mer\u00fclt fel, vagy amennyiben egyedi ig\u00e9ny\u00e9t szeretn\u00e9 velem megbesz\u00e9lni, [&hellip;]<\/p>","protected":false},"author":1,"featured_media":0,"parent":0,"menu_order":0,"comment_status":"closed","ping_status":"closed","template":"","meta":{"_mi_skip_tracking":false,"_monsterinsights_sitenote_active":false,"_monsterinsights_sitenote_note":"","_monsterinsights_sitenote_category":0,"footnotes":""},"class_list":["post-72","page","type-page","status-publish","hentry"],"aioseo_notices":[],"_links":{"self":[{"href":"https:\/\/lucasebok.com\/en\/wp-json\/wp\/v2\/pages\/72","targetHints":{"allow":["GET"]}}],"collection":[{"href":"https:\/\/lucasebok.com\/en\/wp-json\/wp\/v2\/pages"}],"about":[{"href":"https:\/\/lucasebok.com\/en\/wp-json\/wp\/v2\/types\/page"}],"author":[{"embeddable":true,"href":"https:\/\/lucasebok.com\/en\/wp-json\/wp\/v2\/users\/1"}],"replies":[{"embeddable":true,"href":"https:\/\/lucasebok.com\/en\/wp-json\/wp\/v2\/comments?post=72"}],"version-history":[{"count":2,"href":"https:\/\/lucasebok.com\/en\/wp-json\/wp\/v2\/pages\/72\/revisions"}],"predecessor-version":[{"id":4430,"href":"https:\/\/lucasebok.com\/en\/wp-json\/wp\/v2\/pages\/72\/revisions\/4430"}],"wp:attachment":[{"href":"https:\/\/lucasebok.com\/en\/wp-json\/wp\/v2\/media?parent=72"}],"curies":[{"name":"wp","href":"https:\/\/api.w.org\/{rel}","templated":true}]}}