{"id":3984,"date":"2023-02-22T08:49:28","date_gmt":"2023-02-22T08:49:28","guid":{"rendered":"https:\/\/lucasebok.com\/?page_id=3984"},"modified":"2023-08-24T21:02:58","modified_gmt":"2023-08-24T21:02:58","slug":"gyik","status":"publish","type":"page","link":"https:\/\/lucasebok.com\/en\/gyik\/","title":{"rendered":"GYIK"},"content":{"rendered":"<p><strong>A megrendel\u00e9s folyamata<\/strong><\/p>\n\n\n\n<p>(1) A term\u00e9k adatlapj\u00e1n, amennyiben sz\u00fcks\u00e9ges, kiv\u00e1lasztja az attrib\u00fatumok k\u00f6z\u00fcl az \u00d6n sz\u00e1m\u00e1ra megfelel\u0151t (pl.: gy\u0171r\u0171 m\u00e9ret, nyakl\u00e1nc hossz). Amennyiben egy term\u00e9k rendelkezik ilyen attrib\u00fatummal, a tov\u00e1bb halad\u00e1shoz mindenk\u00e9ppen sz\u00fcks\u00e9ges v\u00e1lasztania.<\/p>\n\n\n\n<p>(2) Kiv\u00e1lasztja a term\u00e9k mennyis\u00e9g\u00e9t a nyilak seg\u00edts\u00e9g\u00e9vel (amennyiben t\u00f6bb term\u00e9k is k\u00e9szleten van).<\/p>\n\n\n\n<p>(3) A term\u00e9k adatlapj\u00e1n r\u00e1kattint a \u201eKos\u00e1rba rakom\u201d gombra.<\/p>\n\n\n\n<p>(4) A k\u00e9perny\u0151 jobb oldal\u00e1n felugr\u00f3 ablak mutatja a \u201ckos\u00e1rban\u201d tal\u00e1lhat\u00f3 term\u00e9keket.<\/p>\n\n\n\n<p>(5) A v\u00e1s\u00e1rl\u00e1s folytat\u00e1s\u00e1hoz nyomja meg a \u201cbez\u00e1r\u201d gombot. A v\u00e1s\u00e1rl\u00e1s ezut\u00e1n zavartalanul folytathat\u00f3 a tov\u00e1bbi term\u00e9kek megtekint\u00e9s\u00e9vel.<\/p>\n\n\n\n<p>(6) J\u00e1rjon el az (1)-(3)-as pontban le\u00edrtak szerint minden tov\u00e1bbi megv\u00e1s\u00e1rolni k\u00edv\u00e1nt term\u00e9k eset\u00e9ben.<\/p>\n\n\n\n<p>(7) A \u201ckos\u00e1r\u201d tartalm\u00e1t a \u201cKos\u00e1r szerkeszt\u00e9se\u201d gomb megnyom\u00e1s\u00e1val teheti meg. A megrendelni k\u00edv\u00e1nt term\u00e9kek mennyis\u00e9g\u00e9t m\u00f3dos\u00edthatja, term\u00e9ket t\u00f6r\u00f6lhet, illetve be\u00e1ll\u00edthatja a sz\u00e1ll\u00edt\u00e1s m\u00f3dj\u00e1t. Ha rendelkezik kupon kedvezm\u00e9nnyel \u201center coupon\u201d r\u00e9szn\u00e9l ezt is beg\u00e9pelheti. (A sz\u00e1ll\u00edt\u00e1si m\u00f3dot \u00e9s a kupon kedvezm\u00e9nyt a k\u00e9s\u0151bbiekben is megteheti a \u201cp\u00e9nzt\u00e1r\u201d fel\u00fclet\u00e9n.) Amennyiben v\u00e1ltoztatott a term\u00e9keken \u00e9s be\u00e1ll\u00edt\u00e1sokon nyomja meg a \u201ckos\u00e1r friss\u00edt\u00e9se\u201d gombot, majd a \u201ctov\u00e1bb a p\u00e9nzt\u00e1rhoz\u201d gombot.<\/p>\n\n\n\n<p>(8) Amikor minden megv\u00e1s\u00e1rolni k\u00edv\u00e1nt term\u00e9ket kiv\u00e1lasztott a fent le\u00edrt m\u00f3don, kattintson a \u201cP\u00e9nzt\u00e1r\u201d gombra. Itt \u00e1ll\u00edthatja be a sz\u00e1ml\u00e1z\u00e1si, sz\u00e1ll\u00edt\u00e1si c\u00edmet \u00e9s fizet\u00e9si m\u00f3dot. Ha kedvezm\u00e9nyre feljogos\u00edt\u00f3 k\u00f3ddal rendelkezik (\u00fan. Coupon code), azt is itt adhatja meg a \u201cKupon bev\u00e1lt\u00e1sa\u201d gomb megnyom\u00e1sa ut\u00e1n. Ezut\u00e1n m\u00f3dosul a v\u00e1s\u00e1rl\u00e1s v\u00e9g\u00f6sszege.<\/p>\n\n\n\n<p>(9) Ezut\u00e1n a megjelen\u0151 \u0171rlap kit\u00f6lt\u00e9s\u00e9vel adja meg a v\u00e1s\u00e1rl\u00e1shoz sz\u00fcks\u00e9ges adatokat (n\u00e9v, sz\u00e1ll\u00edt\u00e1si c\u00edm, stb.).<\/p>\n\n\n\n<p>(10) V\u00e1lassza ki a sz\u00e1ll\u00edt\u00e1s m\u00f3dj\u00e1t (szem\u00e9lyes \u00e1tv\u00e9tel, fut\u00e1rszolg\u00e1lat) majd a fizet\u00e9s m\u00f3dj\u00e1t (k\u00f6zvetlen banki \u00e1tutal\u00e1s, Barion bankk\u00e1rty\u00e1s fizet\u00e9s). Az online bankk\u00e1rty\u00e1s fizet\u00e9sek a Barion rendszer\u00e9n kereszt\u00fcl val\u00f3sulnak meg. A bankk\u00e1rtya adatok a keresked\u0151h\u00f6z nem jutnak el. A szolg\u00e1ltat\u00e1st ny\u00fajt\u00f3 Barion Payment Zrt. a Magyar Nemzeti Bank fel\u00fcgyelete alatt \u00e1ll\u00f3 int\u00e9zm\u00e9ny, enged\u00e9ly\u00e9nek sz\u00e1ma: H-EN-I-1064\/2013.&nbsp;A v\u00e1s\u00e1rl\u00e1s befejez\u00e9s\u00e9hez kattintson a \u201eMegrendel\u00e9s elk\u00fcld\u00e9se\u201d gombra, ezzel a rendel\u00e9s v\u00e9glegess\u00e9 v\u00e1lik.<\/p>\n\n\n\n<p>(11) Euzt\u00e1n az oldal felt\u00fcnteti a rendel\u00e9s adatait (rendel\u00e9s azonos\u00edt\u00f3 sz\u00e1ma, d\u00e1tum, v\u00e9g\u00f6sszeg, v\u00e1lasztott fizet\u00e9si m\u00f3d, fizet\u00e9s teljes\u00edt\u00e9s\u00e9hez sz\u00fcks\u00e9ges adatok).<\/p>\n\n\n\n<p>A rendel\u00e9sr\u0151l v\u00e9g\u00fcl a rendszer egy automatikus e-mailben is t\u00e1j\u00e9koztatja. Sz\u00fcks\u00e9g eset\u00e9n a rendel\u00e9s azonos\u00edt\u00f3 sz\u00e1m\u00e1ra hivatkozva \u00e9rdekl\u0151dhet a rendel\u00e9s feldolgoz\u00e1s\u00e1nak \u00e1llapot\u00e1r\u00f3l.<\/p>\n\n\n\n<p>A rendel\u00e9s elk\u00e9sz\u00fcl\u00e9sekor e-mailben k\u00fcld\u00fcnk t\u00e1j\u00e9koztat\u00f3t az \u00e1tv\u00e9teli lehet\u0151s\u00e9gekr\u0151l \u00e9s\/vagy a sz\u00e1ll\u00edt\u00e1s m\u00f3dj\u00e1r\u00f3l. Amennyiben k\u00f6zvetlen banki utal\u00e1st v\u00e1lasztotta fizet\u00e9si m\u00f3dnak, akkor az \u00f6sszeg j\u00f3v\u00e1\u00edr\u00e1sa ut\u00e1n k\u00e9sz\u00edtj\u00fck el az \u00e9kszert.<\/p>\n\n\n\n<p>A megrendel\u00e9sek feldolgoz\u00e1sa munkanapokon 10-t\u0151l 17 \u00f3r\u00e1ig t\u00f6rt\u00e9nik.<\/p>\n\n\n\n<p>(A rendel\u00e9s lead\u00e1s\u00e1ra term\u00e9szetesen az ezen k\u00edv\u00fcl es\u0151 id\u0151pontokban is van lehet\u0151s\u00e9g. Amennyiben az a munkaid\u0151 lej\u00e1rta ut\u00e1n, vagy h\u00e9tv\u00e9g\u00e9n t\u00f6rt\u00e9nik, a rendel\u00e9s az azt k\u00f6vet\u0151 2 munkanapon bel\u00fcl ker\u00fcl feldolgoz\u00e1sra. \u00c1t nem vett, visszak\u00fcld\u00f6tt csomagok eset\u00e9n a visszasz\u00e1ll\u00edt\u00e1s d\u00edja a megrendel\u0151t terheli. Amennyiben k\u00e9zbes\u00edt\u00e9skor nem tart\u00f3zkodik a megadott c\u00edmen, \u00fagy a k\u00fcldem\u00e9ny az adott fut\u00e1rszolg\u00e1lat felkeres\u00e9s\u00e9vel oldhat\u00f3 meg).<br><br><\/p>\n\n\n\n<p><strong>Megv\u00e1s\u00e1rolhat\u00f3 term\u00e9kek, szolg\u00e1ltat\u00e1sok k\u00f6re<\/strong><\/p>\n\n\n\n<p>A web\u00e1ruh\u00e1z egyedi gy\u00e1rt\u00e1s\u00fa, kissz\u00e9ri\u00e1s \u00e9kszereket forgalmaz. Mivel minden term\u00e9k k\u00e9zi technik\u00e1val k\u00e9sz\u00fcl, a term\u00e9kekn\u00e9l megjelen\u00edtett k\u00e9pek minim\u00e1lis m\u00e9rt\u00e9kben a val\u00f3s\u00e1gt\u00f3l elt\u00e9rhetnek.<\/p>\n\n\n\n<p>A megjelen\u00edtett term\u00e9kek online web\u00e1ruh\u00e1zunkon kereszt\u00fcl, vagy e-mailben, a kiv\u00e1lasztott term\u00e9k k\u00f3dj\u00e1nak \u00e9s param\u00e9tereinek megad\u00e1s\u00e1val rendelhet\u0151ek meg. Az \u00e1rak a h\u00e1zhoz sz\u00e1ll\u00edt\u00e1s k\u00f6lts\u00e9g\u00e9t nem tartalmazz\u00e1k. \u00c1raink az \u00f6sszeg ut\u00e1n felt\u00fcntetett p\u00e9nznemben \u00e9rtend\u0151k \u00e9s alanyi ad\u00f3mentesek (AAM). Keresked\u0151ket \u00e9s viszontelad\u00f3kat k\u00fcl\u00f6n meg\u00e1llapod\u00e1st k\u00f6vet\u0151en szolg\u00e1lunk ki.<\/p>\n\n\n\n<p>Minden \u00e9kszer egyedileg k\u00e9sz\u00fcl, a fizet\u00e9s megt\u00f6rt\u00e9nte ut\u00e1n, ez&nbsp;minimum 5 &#8211; 21&nbsp;napt\u00e1ri napot vesz ig\u00e9nybe. Az \u00e9kszer post\u00e1z\u00e1s\u00e1ra ezut\u00e1n ker\u00fcl sor. T\u00f6bb term\u00e9k rendel\u00e9se eset\u00e9n azok elk\u00e9sz\u00edt\u00e9se p\u00e1rhuzamosan, egy id\u0151ben t\u00f6rt\u00e9nik.<br><br><\/p>\n\n\n\n<p><strong>Csere<\/strong><\/p>\n\n\n\n<p>A megrendelt term\u00e9k k\u00e9zhezv\u00e9tel\u00e9t\u0151l sz\u00e1m\u00edtott 8 munkanapon bel\u00fcl az \u00e9kszerek m\u00e1sik modellre cser\u00e9lhet\u0151k, az \u00e9rt\u00e9kk\u00fcl\u00f6nb\u00f6zet megt\u00e9r\u00edt\u00e9se mellett (\u00e9rt\u00e9kk\u00fcl\u00f6nb\u00f6zet visszafizet\u00e9s\u00e9re nincs m\u00f3d). Amennyiben a megv\u00e1s\u00e1rolt term\u00e9ket m\u00e1smilyenre szeretn\u00e9 cser\u00e9lni, k\u00e9rj\u00fck, els\u0151 l\u00e9p\u00e9sk\u00e9nt vegye fel vel\u00fcnk a kapcsolatot el\u00e9rhet\u0151s\u00e9geink valamelyik\u00e9n.<br><br><\/p>\n\n\n\n<p><strong> Garancia<\/strong><\/p>\n\n\n\n<p>Term\u00e9keimre 1 \u00e9v garanci\u00e1t v\u00e1llalok. Meghib\u00e1sod\u00e1s eset\u00e9n k\u00e9rj\u00fck, els\u0151 l\u00e9p\u00e9sk\u00e9nt vegye fel vel\u00fcnk a kapcsolatot el\u00e9rhet\u0151s\u00e9geink valamelyik\u00e9n.<\/p>\n\n\n\n<p>A nem rendeltet\u00e9sszer\u0171en haszn\u00e1lt term\u00e9kre a garancia nem vonatkozik, illetve a nem rendeltet\u00e9sszer\u0171 haszn\u00e1latb\u00f3l ered\u0151 k\u00e1rok megfizet\u00e9se is a v\u00e1s\u00e1rl\u00f3t terheli.<\/p>\n\n\n\n<p>A meghib\u00e1sodott term\u00e9ket (a garancia \u00e9rv\u00e9nyess\u00e9gi ideje alatt) jav\u00edtjuk abban az esetben, amennyiben a hiba jav\u00edthat\u00f3.<br><br><\/p>\n\n\n\n<p><strong>&nbsp;Sz\u00e1ll\u00edt\u00e1s \u2013 Szem\u00e9lyes \u00e1tv\u00e9tel<\/strong><\/p>\n\n\n\n<p>K\u00e9rj\u00fck, a csomagot k\u00e9zbes\u00edt\u00e9skor a k\u00e9zbes\u00edt\u0151 el\u0151tt sz\u00edveskedj\u00e9k ellen\u0151rizni, \u00e9s a sz\u00e1ll\u00edt\u00e1s sor\u00e1n keletkezett esetleges k\u00e1rokr\u00f3l jegyz\u0151k\u00f6nyv felv\u00e9tel\u00e9t k\u00e9rni, m\u00e1sk\u00e9nt az ilyen jelleg\u0171 k\u00e1rok\u00e9rt nem tudunk felel\u0151ss\u00e9get v\u00e1llalni.<\/p>\n\n\n\n<p>Sz\u00e1ll\u00edt\u00e1s belf\u00f6ldre<\/p>\n\n\n\n<p>A megrendelt term\u00e9ket Magyar Posta szolg\u00e1lattal sz\u00e1ll\u00edtjuk ki. A fut\u00e1rszolg\u00e1lat sz\u00e1m\u00e1ra kiadjuk a megrendel\u00e9s sor\u00e1n megadott sz\u00e1ll\u00edt\u00e1si c\u00edmet.<\/p>\n\n\n\n<p>Szem\u00e9lyes \u00e1tv\u00e9telre is van lehet\u0151s\u00e9g a 8283, K\u00e1ptalant\u00f3ti Pet\u0151fi utca 53.-ban. Minden esetben el\u0151zetes id\u0151pont egyeztet\u00e9s sz\u00fcks\u00e9ges, de h\u00e9tk\u00f6znapokon 10-17 \u00f3r\u00e1ig van r\u00e1 lehet\u0151s\u00e9g.<br><br><\/p>\n\n\n\n<p><strong>\u2022 \u00dczemeltet\u0151i adatok<\/strong><\/p>\n\n\n\n<p>N\u00e9v: Seb\u0151k Luca Zsuzsanna egy\u00e9ni v\u00e1llalkoz\u00f3<\/p>\n\n\n\n<p>Sz\u00e9khely: 8283, K\u00e1ptalant\u00f3ti Pet\u0151fi u. 53.<\/p>\n\n\n\n<p>Ad\u00f3sz\u00e1m: 56337015-1-39<\/p>\n\n\n\n<p>Nyilv\u00e1ntart\u00e1si sz\u00e1m:&nbsp;55317612<\/p>\n\n\n\n<p>Szerz\u0151d\u00e9s nyelve: magyar<\/p>\n\n\n\n<p>Web\u00e1ruh\u00e1z nyelve: magyar<\/p>\n\n\n\n<p>El\u00e9rhet\u0151s\u00e9g:<\/p>\n\n\n\n<p>email:\u00a0lsebokjewelry@gmail.com<\/p>\n\n\n\n<p>telefonon +36(70)5773437, munkanapokon 10 \u2013 17 \u00f3ra k\u00f6z\u00f6tt<\/p>","protected":false},"excerpt":{"rendered":"<p>A megrendel\u00e9s folyamata (1) A term\u00e9k adatlapj\u00e1n, amennyiben sz\u00fcks\u00e9ges, kiv\u00e1lasztja az attrib\u00fatumok k\u00f6z\u00fcl az \u00d6n sz\u00e1m\u00e1ra megfelel\u0151t (pl.: gy\u0171r\u0171 m\u00e9ret, nyakl\u00e1nc hossz). Amennyiben egy term\u00e9k rendelkezik ilyen attrib\u00fatummal, a tov\u00e1bb halad\u00e1shoz mindenk\u00e9ppen sz\u00fcks\u00e9ges v\u00e1lasztania. (2) Kiv\u00e1lasztja a term\u00e9k mennyis\u00e9g\u00e9t a nyilak seg\u00edts\u00e9g\u00e9vel (amennyiben t\u00f6bb term\u00e9k is k\u00e9szleten van). (3) A [&hellip;]<\/p>","protected":false},"author":1,"featured_media":0,"parent":0,"menu_order":0,"comment_status":"closed","ping_status":"closed","template":"","meta":{"_mi_skip_tracking":false,"_monsterinsights_sitenote_active":false,"_monsterinsights_sitenote_note":"","_monsterinsights_sitenote_category":0,"footnotes":""},"class_list":["post-3984","page","type-page","status-publish","hentry"],"aioseo_notices":[],"_links":{"self":[{"href":"https:\/\/lucasebok.com\/en\/wp-json\/wp\/v2\/pages\/3984","targetHints":{"allow":["GET"]}}],"collection":[{"href":"https:\/\/lucasebok.com\/en\/wp-json\/wp\/v2\/pages"}],"about":[{"href":"https:\/\/lucasebok.com\/en\/wp-json\/wp\/v2\/types\/page"}],"author":[{"embeddable":true,"href":"https:\/\/lucasebok.com\/en\/wp-json\/wp\/v2\/users\/1"}],"replies":[{"embeddable":true,"href":"https:\/\/lucasebok.com\/en\/wp-json\/wp\/v2\/comments?post=3984"}],"version-history":[{"count":4,"href":"https:\/\/lucasebok.com\/en\/wp-json\/wp\/v2\/pages\/3984\/revisions"}],"predecessor-version":[{"id":4553,"href":"https:\/\/lucasebok.com\/en\/wp-json\/wp\/v2\/pages\/3984\/revisions\/4553"}],"wp:attachment":[{"href":"https:\/\/lucasebok.com\/en\/wp-json\/wp\/v2\/media?parent=3984"}],"curies":[{"name":"wp","href":"https:\/\/api.w.org\/{rel}","templated":true}]}}