{"id":3510,"date":"2021-09-21T10:55:37","date_gmt":"2021-09-21T10:55:37","guid":{"rendered":"https:\/\/lucasebok.com\/?page_id=3510"},"modified":"2023-02-21T20:08:53","modified_gmt":"2023-02-21T20:08:53","slug":"elallasi-jog","status":"publish","type":"page","link":"https:\/\/lucasebok.com\/en\/elallasi-jog\/","title":{"rendered":"El\u00e1ll\u00e1si jog"},"content":{"rendered":"<p>A megrendelt term\u00e9k k\u00e9zhez v\u00e9tel\u00e9t\u0151l sz\u00e1m\u00edtott 14 munkanapon bel\u00fcl a vev\u0151nek t\u00f6rv\u00e9ny \u00e1ltal biztos\u00edtott joga van el\u00e1llni v\u00e1s\u00e1rl\u00e1si sz\u00e1nd\u00e9k\u00e1t\u00f3l. Ebben az esetben a term\u00e9k\u00e9rt kifizetett v\u00e9tel\u00e1rat visszat\u00e9r\u00edtj\u00fck a v\u00e1s\u00e1rl\u00f3nak, legk\u00e9s\u0151bb az el\u00e1ll\u00e1st, illetve a term\u00e9k visszaszolg\u00e1ltat\u00e1s\u00e1t k\u00f6vet\u0151 harminc napon bel\u00fcl. A visszat\u00e9r\u00edt\u00e9s a sz\u00e1ll\u00edt\u00e1si k\u00f6lts\u00e9gre nem vonatkozik, valamint a term\u00e9k visszajuttat\u00e1s\u00e1nak k\u00f6lts\u00e9ge a vev\u0151t terheli.<\/p>\n\n\n\n<p>Jelen dokumentumban nem szab\u00e1lyzott k\u00e9rd\u00e9sekkel kapcsolatban l\u00e1sd:<\/p>\n\n\n\n<p>A t\u00e1vollev\u0151k k\u00f6z\u00f6tt k\u00f6t\u00f6tt szerz\u0151d\u00e9sekr\u0151l sz\u00f3l\u00f3 17\/1999. (II. 5.) Korm. rendeletet.<\/p>\n\n\n\n<p>(http:\/\/www.njt.hu\/cgi_bin\/njt_doc.cgi?docid=39955.61424)<\/p>\n\n\n\n<p>El\u00e1ll\u00e1si jog gyakorl\u00e1s\u00e1nak menete<\/p>\n\n\n\n<p>A 14 napos el\u00e1ll\u00e1si jog megrendelt \u00e1ruk \u00e1tv\u00e9tel\u00e9t\u0151l veszi kezdet\u00e9t \u00e9s lehet\u0151s\u00e9ge csak haszn\u00e1latba nem vett term\u00e9kre vonatkozik. Ha a v\u00e1s\u00e1rl\u00f3 \u00e9lni k\u00edv\u00e1n ezzel a joggal, e-mail \u00fczenet form\u00e1j\u00e1ban jeleznie kell. A term\u00e9ket \u00e9rintetlen \u00e1llapotban az eredeti csomagol\u00e1sban saj\u00e1t k\u00f6lts\u00e9gre kell visszak\u00fcldenie, \u00edr\u00e1sos nyilatkozattal az el\u00e1ll\u00e1sr\u00f3l. A formanyomtatv\u00e1ny itt t\u00f6lthet\u0151 le.<\/p>\n\n\n\n<p>Az \u00e9rtes\u00edt\u00e9s k\u00e9zhezv\u00e9tel\u00e9t\u0151l sz\u00e1m\u00edtva 30 napon bel\u00fcl az \u00e1ru v\u00e9tel\u00e1r\u00e1t a LucaSebokjewelry webshop visszat\u00e9r\u00edti, felt\u00e9ve, hogy az \u00e1ru vagy a visszak\u00fcld\u00e9st igazol\u00f3 bizonylat hozz\u00e1 meg\u00e9rkezett.<\/p>\n\n\n\n<p>Formanyomtatv\u00e1ny az el\u00e1ll\u00e1si jog gyakorl\u00e1s\u00e1hoz:<\/p>\n\n\n\n<p>C\u00edmzett:<\/p>\n\n\n\n<p>Seb\u0151k Luca Zsuzsanna E.V.<\/p>\n\n\n\n<p>Pet\u0151fi utca 53<\/p>\n\n\n\n<p>8283, K\u00e1ptalant\u00f3ti<\/p>\n\n\n\n<p>Telefon: +36705773437<\/p>\n\n\n\n<p>E-mail:&nbsp;info@lucasebok.com<\/p>\n\n\n\n<p>Alul\u00edrott kijelentem, hogy gyakorlom el\u00e1ll\u00e1si jogomat az al\u00e1bbi term\u00e9k\/ek ad\u00e1sv\u00e9tel\u00e9re ir\u00e1nyul\u00f3 szerz\u0151d\u00e9s tekintet\u00e9ben:<\/p>\n\n\n\n<p>Szerz\u0151d\u00e9sk\u00f6t\u00e9s id\u0151pontja \/\u00e1tv\u00e9tel id\u0151pontja:<\/p>\n\n\n\n<p>A fogyaszt\u00f3 neve:<\/p>\n\n\n\n<p>A fogyaszt\u00f3 c\u00edme:<\/p>\n\n\n\n<p>A fogyaszt\u00f3 al\u00e1\u00edr\u00e1sa: (kiz\u00e1r\u00f3lag pap\u00edron tett nyilatkozat eset\u00e9n)<\/p>\n\n\n\n<p>Kelt:<\/p>\n\n\n\n<p>Ha el\u00e1ll\u00e1si jog\u00e1val k\u00edv\u00e1n \u00e9lni, azt \u00edr\u00e1sban (lev\u00e9lben vagy e-mailben) teheti meg, hivatkozva a term\u00e9kre \u00e9s a megrendel\u00e9s azonos\u00edt\u00f3j\u00e1ra. El\u00e1ll\u00e1si ig\u00e9ny\u00e9t a term\u00e9k k\u00e9zhezv\u00e9tel\u00e9t\u0151l sz\u00e1m\u00edtott 14 munkanapon bel\u00fcl jelezheti.<\/p>\n\n\n\n<p>(Postai lev\u00e9l \u00fatj\u00e1n t\u00f6rt\u00e9n\u0151 el\u00e1ll\u00e1s eset\u00e9n a lev\u00e9l post\u00e1ra ad\u00e1s\u00e1nak d\u00e1tum\u00e1t vessz\u00fck figyelembe. A levelet lehet\u0151leg aj\u00e1nlott lev\u00e9lk\u00e9nt adja fel, hogy egy\u00e9rtelm\u0171 legyen a felad\u00e1s d\u00e1tuma.)<\/p>\n\n\n\n<p>A megrendelt term\u00e9ket, k\u00e9rj\u00fck, juttassa vissza sz\u00e9khely\u00fcnk c\u00edm\u00e9re. A visszak\u00fcld\u00e9ssel felmer\u00fcl\u0151 postai k\u00f6lts\u00e9gek a v\u00e1s\u00e1rl\u00f3t terhelik. A term\u00e9ket, k\u00e9rj\u00fck, ne ut\u00e1nv\u00e9ttel k\u00fcldje vissza, az ut\u00e1nv\u00e9ttel visszak\u00fcld\u00f6tt csomagot nem \u00e1ll m\u00f3dunkban \u00e1tvenni, annak visszajuttat\u00e1si k\u00f6lts\u00e9ge is a vev\u0151t terheli.<\/p>\n\n\n\n<p>A term\u00e9k visszak\u00fcld\u00e9s\u00e9t k\u00f6vet\u0151 harminc napon bel\u00fcl a term\u00e9k \u00e1r\u00e1t a megadott sz\u00e1mlasz\u00e1mra visszautaljuk.<\/p>","protected":false},"excerpt":{"rendered":"<p>A megrendelt term\u00e9k k\u00e9zhez v\u00e9tel\u00e9t\u0151l sz\u00e1m\u00edtott 14 munkanapon bel\u00fcl a vev\u0151nek t\u00f6rv\u00e9ny \u00e1ltal biztos\u00edtott joga van el\u00e1llni v\u00e1s\u00e1rl\u00e1si sz\u00e1nd\u00e9k\u00e1t\u00f3l. Ebben az esetben a term\u00e9k\u00e9rt kifizetett v\u00e9tel\u00e1rat visszat\u00e9r\u00edtj\u00fck a v\u00e1s\u00e1rl\u00f3nak, legk\u00e9s\u0151bb az el\u00e1ll\u00e1st, illetve a term\u00e9k visszaszolg\u00e1ltat\u00e1s\u00e1t k\u00f6vet\u0151 harminc napon bel\u00fcl. A visszat\u00e9r\u00edt\u00e9s a sz\u00e1ll\u00edt\u00e1si k\u00f6lts\u00e9gre nem vonatkozik, valamint a term\u00e9k [&hellip;]<\/p>","protected":false},"author":1,"featured_media":0,"parent":0,"menu_order":0,"comment_status":"closed","ping_status":"closed","template":"","meta":{"_mi_skip_tracking":false,"_monsterinsights_sitenote_active":false,"_monsterinsights_sitenote_note":"","_monsterinsights_sitenote_category":0,"footnotes":""},"class_list":["post-3510","page","type-page","status-publish","hentry"],"aioseo_notices":[],"_links":{"self":[{"href":"https:\/\/lucasebok.com\/en\/wp-json\/wp\/v2\/pages\/3510","targetHints":{"allow":["GET"]}}],"collection":[{"href":"https:\/\/lucasebok.com\/en\/wp-json\/wp\/v2\/pages"}],"about":[{"href":"https:\/\/lucasebok.com\/en\/wp-json\/wp\/v2\/types\/page"}],"author":[{"embeddable":true,"href":"https:\/\/lucasebok.com\/en\/wp-json\/wp\/v2\/users\/1"}],"replies":[{"embeddable":true,"href":"https:\/\/lucasebok.com\/en\/wp-json\/wp\/v2\/comments?post=3510"}],"version-history":[{"count":2,"href":"https:\/\/lucasebok.com\/en\/wp-json\/wp\/v2\/pages\/3510\/revisions"}],"predecessor-version":[{"id":3965,"href":"https:\/\/lucasebok.com\/en\/wp-json\/wp\/v2\/pages\/3510\/revisions\/3965"}],"wp:attachment":[{"href":"https:\/\/lucasebok.com\/en\/wp-json\/wp\/v2\/media?parent=3510"}],"curies":[{"name":"wp","href":"https:\/\/api.w.org\/{rel}","templated":true}]}}