{"id":3508,"date":"2021-09-21T10:55:14","date_gmt":"2021-09-21T10:55:14","guid":{"rendered":"https:\/\/lucasebok.com\/?page_id=3508"},"modified":"2023-08-24T19:46:55","modified_gmt":"2023-08-24T19:46:55","slug":"szallitasi-feltetelek","status":"publish","type":"page","link":"https:\/\/lucasebok.com\/en\/szallitasi-feltetelek\/","title":{"rendered":"Sz\u00e1ll\u00edt\u00e1si felt\u00e9telek"},"content":{"rendered":"<p><strong>Sz\u00e1ll\u00edt\u00e1si felt\u00e9telek \u00e9s szem\u00e9lyes \u00e1tv\u00e9tel<\/strong><\/p>\n\n\n\n<p>Amennyiben szem\u00e9lyesen szeretn\u00e9d \u00e1tvenni a megrendelt Luca Sebok jewelry \u00e9kszered, akkor ez a fizet\u00e9sn\u00e9l fogod tudni jelezni. Szem\u00e9lyes \u00e1tv\u00e9telre lehet\u0151s\u00e9g a 8283 K\u00e1ptalant\u00f3ti Pet\u0151fi utca 53.-ban van. Minden esetben el\u0151zetes id\u0151pont egyeztet\u00e9s sz\u00fcks\u00e9ges, de h\u00e9tk\u00f6znapokon 10-17 \u00f3r\u00e1ig van r\u00e1 lehet\u0151s\u00e9g.<\/p>\n\n\n\n<p>Amennyiben postaszolg\u00e1lattal k\u00e9rted a Luca Sebok jewelry \u00e9kszered, akkor k\u00e9rj\u00fck, a csomagot k\u00e9zbes\u00edt\u00e9skor a k\u00e9zbes\u00edt\u0151 el\u0151tt minden esetben ellen\u0151rizd, \u00e9s a sz\u00e1ll\u00edt\u00e1s sor\u00e1n keletkezett esetleges k\u00e1rokr\u00f3l jegyz\u0151k\u00f6nyv felv\u00e9tel\u00e9t k\u00e9rd, m\u00e1sk\u00e9nt az ilyen jelleg\u0171 k\u00e1rok\u00e9rt nem tudunk felel\u0151ss\u00e9get v\u00e1llalni.<\/p>\n\n\n\n<p><strong>Sz\u00e1ll\u00edt\u00e1si \/ teljes\u00edt\u00e9si id\u0151:<\/strong><\/p>\n\n\n\n<p>A postaszolg\u00e1lat ig\u00e9nybev\u00e9tel\u00e9vel maximum 2-4 munkanapon bel\u00fcl \u00e1tadjuk a csomagot, \u00edgy v\u00e1rhat\u00f3an 7 munkanapon bel\u00fcl meg\u00e9rkezik a csomag\u00a0 a sz\u00e1ll\u00edt\u00e1si c\u00edmre. A sz\u00e1ll\u00edt\u00e1si c\u00edm lehet MPL csomagpont. A postaszolg\u00e1lat r\u00e9sz\u00e9re t\u00f6rt\u00e9n\u0151 \u00e1tad\u00e1skor els\u0151bbs\u00e9givel \u00e9s h\u00e1zhoz sz\u00e1ll\u00edt\u00e1s eset\u00e9n aj\u00e1nlottan adjuk fel. Amennyiben szem\u00e9lyes \u00e1tv\u00e9telt v\u00e1laszott\u00e1l telefonos vagy \u00edr\u00e1sos egyeztet\u00e9s\u00a0\u00e9s a fizet\u00e9s kiegyenl\u00edt\u00e9se ut\u00e1ni munkanapt\u00f3l \u00e1tvehet\u0151 az \u00e9kszer\u00a08283 K\u00e1ptalant\u00f3ti Pet\u0151fi utca 53.-ban.<\/p>\n\n\n\n<p>Megrendelt\u00a0\u00e9kszereink eset\u00e9ben az \u00e9kszerek elk\u00e9sz\u00edt\u00e9se a megrendel\u00e9s lead\u00e1sa ut\u00e1n t\u00f6rt\u00e9nik. Az elk\u00e9sz\u00edt\u00e9s <strong>ideje v\u00e1ltoz\u00f3, 5-21 munkanapnyi <\/strong>id\u0151t vesz ig\u00e9nybe.\u00a0<\/p>\n\n\n\n<p>Egy\u00e9ni megrendel\u00e9sek eset\u00e9n&nbsp; <strong>Sz\u00e1ll\u00edt\u00e1s belf\u00f6ldre<\/strong><\/p>\n\n\n\n<p>Egy\u00e9ni megrendel\u00e9sek eset\u00e9n az el\u0151leg kifizet\u00e9s\u00e9t k\u00f6vet\u0151en ker\u00fcl sok az elk\u00e9sz\u00edt\u00e9sre. <strong>Egy\u00e9ni megrendel\u00e9s eset\u00e9n minimum 10 munkanapot<\/strong> vesz ig\u00e9nybe \u00e9s az ut\u00e1n t\u00f6rt\u00e9nik a sz\u00e1ll\u00edt\u00e1s. A megrendelt term\u00e9ket postaszolg\u00e1laton kereszt\u00fcl sz\u00e1ll\u00edtjuk ki. A Postaszolg\u00e1latnak&nbsp;kiadjuk a megrendel\u00e9s sor\u00e1n megadott&nbsp;<strong>nevet,<\/strong>&nbsp;<strong>sz\u00e1ll\u00edt\u00e1si c\u00edmet<\/strong>,&nbsp;MPL csomagpont eset\u00e9n <strong>e-mail c\u00edmet<\/strong>&nbsp;\u00e9s&nbsp;<strong>telefonsz\u00e1mot is.<\/strong>&nbsp;<\/p>\n\n\n\n<p>\u00c1rak:&nbsp;<\/p>\n\n\n\n<p>Szem\u00e9lyes \u00e1tv\u00e9tel: Ingyenes.&nbsp;<\/p>\n\n\n\n<p>13.000-39.999Ft \u00e9rt\u00e9kben leadott rendel\u00e9s eset\u00e9n a postaszolg\u00e1lat k\u00f6lts\u00e9ge 1.975 Ft<\/p>\n\n\n\n<p>40.000 Ft&nbsp;\u00e9rt\u00e9khat\u00e1r felett leadott rendel\u00e9s eset\u00e9n a post\u00e1z\u00e1s k\u00f6lts\u00e9g 2.400<\/p>","protected":false},"excerpt":{"rendered":"<p>Sz\u00e1ll\u00edt\u00e1si felt\u00e9telek \u00e9s szem\u00e9lyes \u00e1tv\u00e9tel Amennyiben szem\u00e9lyesen szeretn\u00e9d \u00e1tvenni a megrendelt Luca Sebok jewelry \u00e9kszered, akkor ez a fizet\u00e9sn\u00e9l fogod tudni jelezni. Szem\u00e9lyes \u00e1tv\u00e9telre lehet\u0151s\u00e9g a 8283 K\u00e1ptalant\u00f3ti Pet\u0151fi utca 53.-ban van. Minden esetben el\u0151zetes id\u0151pont egyeztet\u00e9s sz\u00fcks\u00e9ges, de h\u00e9tk\u00f6znapokon 10-17 \u00f3r\u00e1ig van r\u00e1 lehet\u0151s\u00e9g. Amennyiben postaszolg\u00e1lattal k\u00e9rted a Luca [&hellip;]<\/p>","protected":false},"author":1,"featured_media":0,"parent":0,"menu_order":0,"comment_status":"closed","ping_status":"closed","template":"","meta":{"_mi_skip_tracking":false,"_monsterinsights_sitenote_active":false,"_monsterinsights_sitenote_note":"","_monsterinsights_sitenote_category":0,"footnotes":""},"class_list":["post-3508","page","type-page","status-publish","hentry"],"aioseo_notices":[],"_links":{"self":[{"href":"https:\/\/lucasebok.com\/en\/wp-json\/wp\/v2\/pages\/3508","targetHints":{"allow":["GET"]}}],"collection":[{"href":"https:\/\/lucasebok.com\/en\/wp-json\/wp\/v2\/pages"}],"about":[{"href":"https:\/\/lucasebok.com\/en\/wp-json\/wp\/v2\/types\/page"}],"author":[{"embeddable":true,"href":"https:\/\/lucasebok.com\/en\/wp-json\/wp\/v2\/users\/1"}],"replies":[{"embeddable":true,"href":"https:\/\/lucasebok.com\/en\/wp-json\/wp\/v2\/comments?post=3508"}],"version-history":[{"count":4,"href":"https:\/\/lucasebok.com\/en\/wp-json\/wp\/v2\/pages\/3508\/revisions"}],"predecessor-version":[{"id":4549,"href":"https:\/\/lucasebok.com\/en\/wp-json\/wp\/v2\/pages\/3508\/revisions\/4549"}],"wp:attachment":[{"href":"https:\/\/lucasebok.com\/en\/wp-json\/wp\/v2\/media?parent=3508"}],"curies":[{"name":"wp","href":"https:\/\/api.w.org\/{rel}","templated":true}]}}