{"id":3297,"date":"2020-01-17T17:20:20","date_gmt":"2020-01-17T17:20:20","guid":{"rendered":"https:\/\/goya.everthemes.com\/demo-basic\/?page_id=3297"},"modified":"2025-05-22T17:43:01","modified_gmt":"2025-05-22T17:43:01","slug":"home-dark","status":"publish","type":"page","link":"https:\/\/lucasebok.com\/en\/","title":{"rendered":"Kezd\u0151lap"},"content":{"rendered":"<section class=\"wpb-content-wrapper\"><div  class=\"sec_row container-fluid\"><div class=\"vc_row wpb_row vc_row-fluid no-padding align-center vc_custom_1683145873084 vc_row-has-fill\"><div class=\"wpb_column vc_column_container vc_col-sm-12 et-dark-column\"><div class=\"vc_column-inner\"><div class=\"wpb_wrapper\">\r\n\t\t<div class=\"et-banner-69e37bc2a75a2 et-banner content-full  image-type-css vh-height has-alt-image text-color-dark hover-effect\"><div class=\"et-banner-image\" role=\"img\" aria-label=\"IMG_4113\" data-image=\"https:\/\/lucasebok.com\/wp-content\/uploads\/2023\/04\/IMG_4113-scaled.jpg\" style=\"background-image: url(https:\/\/lucasebok.com\/wp-content\/uploads\/2023\/04\/IMG_4113-scaled.jpg);\"><\/div><div class=\"et-banner-image et-banner-alt-image\" role=\"img\" aria-label=\"IMG_5342 (1)\" data-image=\"https:\/\/lucasebok.com\/wp-content\/uploads\/2023\/03\/IMG_5342-1-scaled.jpg\" style=\"background-image: url(https:\/\/lucasebok.com\/wp-content\/uploads\/2023\/03\/IMG_5342-1-scaled.jpg);\"><\/div>\r\n\t\t<\/div><div class=\"vc_separator wpb_content_element vc_separator_align_center vc_sep_width_100 vc_sep_border_width_10 vc_sep_pos_align_center vc_separator_no_text vc_sep_color_white\" ><span class=\"vc_sep_holder vc_sep_holder_l\"><span class=\"vc_sep_line\"><\/span><\/span><span class=\"vc_sep_holder vc_sep_holder_r\"><span class=\"vc_sep_line\"><\/span><\/span>\n<\/div><\/div><\/div><\/div><\/div><\/div><div  class=\"sec_row container\"><div class=\"vc_row wpb_row vc_row-fluid homepage-about-me-container vc_custom_1696108986199 vc_row-has-fill\"><div class=\"wpb_column vc_column_container vc_col-sm-6 vc_col-lg-offset-0 vc_col-md-offset-0 et-dark-column\"><div class=\"vc_column-inner  vc_custom_1696108902814\"><div class=\"wpb_wrapper\">\n\t<div class=\"wpb_text_column wpb_content_element animation fade-in  vc_custom_1702397106310 homepage-about-me-copy-container\" >\n\t\t<div class=\"wpb_wrapper\">\n\t\t\t<h3 style=\"text-align: center;\"><span style=\"font-weight: 400;\">R\u00f3lam<\/span><\/h3>\n<h3 style=\"text-align: center;\"><span style=\"font-weight: 400;\">Munk\u00e1imban a letisztult, term\u00e9szet ihlette, organikus elemek domin\u00e1lnak, hiszen ez a formavil\u00e1g sz\u00e1momra a legid\u0151t\u00e1ll\u00f3bb, legharmonikusabb, legegyetemesebb. 2015-ben \u00e9rkeztem a Balaton-felvid\u00e9kre, ahol a term\u00e9szet k\u00f6zels\u00e9ge mindennapos inspir\u00e1ci\u00f3t jelent munk\u00e1imhoz. A f\u00e9mmegmunk\u00e1l\u00e1s maga is a term\u00e9szeti k\u00e9pz\u0151dm\u00e9nyek alak\u00edt\u00e1s\u00e1r\u00f3l sz\u00f3l sz\u00e1momra, ugyanakkor lehet\u0151v\u00e9 teszi, hogy maradand\u00f3t alkossak.<\/span><\/h3>\n\n\t\t<\/div>\n\t<\/div>\n<\/div><\/div><\/div><div class=\"wpb_column vc_column_container vc_col-sm-6 et-dark-column\"><div class=\"vc_column-inner\"><div class=\"wpb_wrapper\">\n\t<div  class=\"wpb_single_image wpb_content_element vc_align_right\">\n\t\t\n\t\t<figure class=\"wpb_wrapper vc_figure\">\n\t\t\t<div class=\"vc_single_image-wrapper   vc_box_border_grey\"><img loading=\"lazy\" decoding=\"async\" width=\"1471\" height=\"1678\" src=\"https:\/\/lucasebok.com\/wp-content\/uploads\/2023\/02\/IMG_2053-scaled-e1680382929491.jpg\" class=\"vc_single_image-img attachment-full\" alt=\"\" title=\"IMG_2053\" srcset=\"https:\/\/lucasebok.com\/wp-content\/uploads\/2023\/02\/IMG_2053-scaled-e1680382929491.jpg 1471w, https:\/\/lucasebok.com\/wp-content\/uploads\/2023\/02\/IMG_2053-scaled-e1680382929491-263x300.jpg 263w, https:\/\/lucasebok.com\/wp-content\/uploads\/2023\/02\/IMG_2053-scaled-e1680382929491-898x1024.jpg 898w, https:\/\/lucasebok.com\/wp-content\/uploads\/2023\/02\/IMG_2053-scaled-e1680382929491-768x876.jpg 768w, https:\/\/lucasebok.com\/wp-content\/uploads\/2023\/02\/IMG_2053-scaled-e1680382929491-1347x1536.jpg 1347w, https:\/\/lucasebok.com\/wp-content\/uploads\/2023\/02\/IMG_2053-scaled-e1680382929491-11x12.jpg 11w, https:\/\/lucasebok.com\/wp-content\/uploads\/2023\/02\/IMG_2053-scaled-e1680382929491-131x150.jpg 131w, https:\/\/lucasebok.com\/wp-content\/uploads\/2023\/02\/IMG_2053-scaled-e1680382929491-1320x1506.jpg 1320w, https:\/\/lucasebok.com\/wp-content\/uploads\/2023\/02\/IMG_2053-scaled-e1680382929491-1000x1141.jpg 1000w\" sizes=\"auto, (max-width: 1471px) 100vw, 1471px\" \/><\/div>\n\t\t<\/figure>\n\t<\/div>\n<\/div><\/div><\/div><\/div><\/div><div  class=\"sec_row container-fluid\"><div class=\"vc_row wpb_row vc_row-fluid no-padding vc_custom_1683488225257 vc_row-has-fill\"><div class=\"wpb_column vc_column_container vc_col-sm-12 vc_hidden-xs et-dark-column\"><div class=\"vc_column-inner\"><div class=\"wpb_wrapper\"><div class=\"vc_separator wpb_content_element vc_separator_align_center vc_sep_width_100 vc_sep_border_width_10 vc_sep_pos_align_center vc_separator_no_text vc_sep_color_white\" ><span class=\"vc_sep_holder vc_sep_holder_l\"><span class=\"vc_sep_line\"><\/span><\/span><span class=\"vc_sep_holder vc_sep_holder_r\"><span class=\"vc_sep_line\"><\/span><\/span>\n<\/div>\n\t<div  class=\"wpb_single_image wpb_content_element vc_align_center\">\n\t\t\n\t\t<figure class=\"wpb_wrapper vc_figure\">\n\t\t\t<div class=\"vc_single_image-wrapper   vc_box_border_grey\"><img loading=\"lazy\" decoding=\"async\" width=\"1491\" height=\"440\" src=\"https:\/\/lucasebok.com\/wp-content\/uploads\/2023\/05\/igy_keszul_kep-1.jpg\" class=\"vc_single_image-img attachment-full\" alt=\"\" title=\"igy_keszul_kep\" srcset=\"https:\/\/lucasebok.com\/wp-content\/uploads\/2023\/05\/igy_keszul_kep-1.jpg 1491w, https:\/\/lucasebok.com\/wp-content\/uploads\/2023\/05\/igy_keszul_kep-1-300x89.jpg 300w, https:\/\/lucasebok.com\/wp-content\/uploads\/2023\/05\/igy_keszul_kep-1-1024x302.jpg 1024w, https:\/\/lucasebok.com\/wp-content\/uploads\/2023\/05\/igy_keszul_kep-1-768x227.jpg 768w, https:\/\/lucasebok.com\/wp-content\/uploads\/2023\/05\/igy_keszul_kep-1-18x5.jpg 18w, https:\/\/lucasebok.com\/wp-content\/uploads\/2023\/05\/igy_keszul_kep-1-150x44.jpg 150w, https:\/\/lucasebok.com\/wp-content\/uploads\/2023\/05\/igy_keszul_kep-1-1320x390.jpg 1320w, https:\/\/lucasebok.com\/wp-content\/uploads\/2023\/05\/igy_keszul_kep-1-1000x295.jpg 1000w\" sizes=\"auto, (max-width: 1491px) 100vw, 1491px\" \/><\/div>\n\t\t<\/figure>\n\t<\/div>\n<\/div><\/div><\/div><div class=\"wpb_column vc_column_container vc_col-sm-12 et-dark-column vc_col-has-fill\"><div class=\"vc_column-inner  vc_custom_1684615372430\"><div class=\"wpb_wrapper\">\n\t<div class=\"wpb_text_column wpb_content_element   vc_custom_1683488441373\" >\n\t\t<div class=\"wpb_wrapper\">\n\t\t\t<p style=\"padding-left: 40px;\"><span style=\"font-weight: 400;\">Minden \u00e9kszert k\u00e9zzel, magam k\u00e9sz\u00edtek. Alapanyagul s\u00e1rgarezet haszn\u00e1lok. <\/span><span style=\"font-weight: 400;\">Ez\u00fcst\u00f6zve vagy rose gold bevonattal is megtal\u00e1lj\u00e1tok. <\/span><span style=\"font-weight: 400;\">A s\u00e1rgarezet v\u00e1lasztottam alapanyagul alak\u00edthat\u00f3s\u00e1ga, sz\u00edne \u00e9s tart\u00f3ss\u00e1ga ok\u00e1n. Szeretem anyagtalann\u00e1, s\u00falytalann\u00e1 v\u00e1ltoztatni.<\/span><\/p>\n<p style=\"padding-left: 40px;\"><span style=\"font-weight: 400;\">Sz\u00e1momra sz\u00f3rakoztat\u00f3, amikor dr\u00f3tokat \u00e9s f\u00e9mlapokat anyagtalan szemet gy\u00f6ny\u00f6rk\u00f6dtet\u0151 t\u00e1rgyakk\u00e1 v\u00e1ltoztathatom. Ezek a t\u00e1rgyak \u00e9letre kelnek, innent\u0151l visel\u0151j\u00fck d\u00f6nti el hogyan tov\u00e1bb. Amit \u00e9n kark\u00f6t\u0151nek l\u00e1ttam azt valaki hajd\u00edsznek, ha nyakl\u00e1ncnak gondoltam tulajdonosa f\u00fcgg\u00f6ny d\u00edszk\u00e9nt haszn\u00e1lja.\u00a0 \u00d6r\u00f6m\u00f6m lelem benne, hogy az anyag \u00e9s a funkci\u00f3 \u00f6n\u00e1ll\u00f3 \u00e9letre kel.\u00a0<\/span><\/p>\n<p style=\"padding-left: 40px;\"><span style=\"font-weight: 400;\">A r\u00e9z az egyik legr\u00e9gebben \u00e9s leggyakrabban haszn\u00e1lt f\u00e9m, sz\u00e1mos \u00e9lettani folyamatban k\u00f6zponti szerepet j\u00e1tszik. <\/span><span style=\"font-weight: 400;\">Nikkel \u00e9rz\u00e9kenyek is b\u00e1rmikor tudj\u00e1k viselni az \u00e9kszert, mivel a s\u00e1rgar\u00e9z rezet \u00e9s cinket tartalmaz. <\/span><span style=\"font-weight: 400;\">A nedves leveg\u0151n r\u00e9z oxid r\u00e9teg keletkezik a fel\u00fclet\u00e9n, ami t\u00fcrkiz-z\u00f6ld \u00e9s -k\u00e9k sz\u00ednekben tud pomp\u00e1zni.<\/span><\/p>\n\n\t\t<\/div>\n\t<\/div>\n<div class=\"vc_row wpb_row vc_inner vc_row-fluid max_width vc_custom_1683486037687 vc_row-has-fill\"><div class=\"wpb_column vc_column_container vc_col-sm-12 et-dark-column\"><div class=\"vc_column-inner\"><div class=\"wpb_wrapper\"> \n\n\t\t\t<ul class=\"et-product et-main-products products row et-product-style4 hover-animation- products-top-rated et-no-variations\">\n\n\t\t\t\t\t\t\t\t\n\t\t\t\t\t\t\t\t\t\t\t\t\t\t\t\t\t\n<li class=\"item et-listing-style4 col-6 col-sm-6 col-md-4 col-lg-3 small_grid_5 product type-product post-4572 status-publish first instock product_cat-nyaklanc has-post-thumbnail shipping-taxable purchasable product-type-variable\">\n\t<div class=\"product-inner animation fade\">\n\t\t<figure class=\"product_thumbnail et-image-hover\">  \n\t\t<a href=\"https:\/\/lucasebok.com\/en\/product\/puabi-nyaklanc\/\" title=\"Puabi nyakl\u00e1nc\"><img loading=\"lazy\" decoding=\"async\" width=\"1707\" height=\"1708\" src=\"https:\/\/lucasebok.com\/wp-content\/uploads\/2023\/09\/IMG_8729-scaled-e1696100975164.jpg\" class=\"main-image skip-lazy\" alt=\"\" \/><img loading=\"lazy\" decoding=\"async\" width=\"1707\" height=\"1708\" src=\"https:\/\/lucasebok.com\/wp-content\/uploads\/2023\/09\/IMG_8690-scaled-e1696100907491.jpg\" class=\"product_thumbnail_hover\" alt=\"\" \/><\/a>\n\t\t\t\t<div class=\"actions-wrapper\">\n\t\t\t<div class=\"actions-inner\">\n\t\t\t\t\t\t\t\t\t\t\t\t\t\t\t<\/div>\n\t\t<\/div>\n\t<\/figure>\n\t<div class=\"caption\">\n\t\t<div class=\"product-title\">\n\t\t\t<h2><a class=\"product-link\" href=\"https:\/\/lucasebok.com\/en\/product\/puabi-nyaklanc\/\" title=\"Puabi nyakl\u00e1nc\">Puabi nyakl\u00e1nc<\/a><\/h2>\n\t\t\t\t\t<\/div>\n\t\t\n\t\t<div class=\"product_after_title\">\n\n\t\t\t<div class=\"product_after_shop_loop_price\">\n\t\t\t\t\t\t\t<\/div>\n\n\t\t\t<div class=\"product-excerpt\">\n\t\t\t\t<p>A kollekci\u00f3t Puabi kir\u00e1lyn\u0151 egy csod\u00e1s fejd\u00edsze ihlette, amit apr\u00f3cska levelek d\u00edsz\u00edtenek. A sum\u00e9r kir\u00e1lyn\u0151 sz\u00e1m\u00e1ra a legpomp\u00e1sabb d\u00edsz a term\u00e9szet volt, sz\u00e1momra ez t\u00f6bb mint 4 ezer \u00e9vvel k\u00e9s\u0151bb m\u00e9g mindig a legszebb h\u00e1ttere az arcnak.<\/p>\n\t\t\t<\/div>\n\n\t\t\t<div class=\"after_shop_loop_actions\">\n\n\t\t\t\t\t\t\t<\/div>\n\n\t\t<\/div>\n\n\t\t\n\t<\/div>\n\n\t<\/div>\n\n<\/li>\t\t\t\t\t\t\t\t\t\t\t\t\t\t\t\t\t\n<li class=\"item et-listing-style4 col-6 col-sm-6 col-md-4 col-lg-3 small_grid_5 product type-product post-4563 status-publish instock product_cat-fulbevalok has-post-thumbnail shipping-taxable purchasable product-type-variable\">\n\t<div class=\"product-inner animation fade\">\n\t\t<figure class=\"product_thumbnail et-image-hover\">  \n\t\t<a href=\"https:\/\/lucasebok.com\/en\/product\/terra-fulbevalo\/\" title=\"Terra f\u00fclbeval\u00f3\"><img loading=\"lazy\" decoding=\"async\" width=\"1707\" height=\"1708\" src=\"https:\/\/lucasebok.com\/wp-content\/uploads\/2023\/09\/IMG_8347-scaled-e1696100746424.jpg\" class=\"main-image skip-lazy\" alt=\"\" \/><img loading=\"lazy\" decoding=\"async\" width=\"1706\" height=\"1708\" src=\"https:\/\/lucasebok.com\/wp-content\/uploads\/2023\/09\/IMG_8472-scaled-e1696100820185.jpg\" class=\"product_thumbnail_hover\" alt=\"\" \/><\/a>\n\t\t\t\t<div class=\"actions-wrapper\">\n\t\t\t<div class=\"actions-inner\">\n\t\t\t\t\t\t\t\t\t\t\t\t\t\t\t<\/div>\n\t\t<\/div>\n\t<\/figure>\n\t<div class=\"caption\">\n\t\t<div class=\"product-title\">\n\t\t\t<h2><a class=\"product-link\" href=\"https:\/\/lucasebok.com\/en\/product\/terra-fulbevalo\/\" title=\"Terra f\u00fclbeval\u00f3\">Terra f\u00fclbeval\u00f3<\/a><\/h2>\n\t\t\t\t\t<\/div>\n\t\t\n\t\t<div class=\"product_after_title\">\n\n\t\t\t<div class=\"product_after_shop_loop_price\">\n\t\t\t\t\t\t\t<\/div>\n\n\t\t\t<div class=\"product-excerpt\">\n\t\t\t\t<p>A Jade k\u0151 az egyens\u00faly \u00e9s a harm\u00f3nia szimb\u00f3luma. Sz\u00e1momra ez az \u00e9kszer a f\u00f6lddel val\u00f3 term\u00e9szetes kapcsolatunkat jelenti. V\u00e1laszd ki a hozz\u00e1d ill\u0151 sz\u00ednt \u00e9s \u00fcnnepeld te is minden nap a term\u00e9szet sz\u00e9ps\u00e9g\u00e9t ezzel a \u00e9kszerrel!<\/p>\n\t\t\t<\/div>\n\n\t\t\t<div class=\"after_shop_loop_actions\">\n\n\t\t\t\t\t\t\t<\/div>\n\n\t\t<\/div>\n\n\t\t\n\t<\/div>\n\n\t<\/div>\n\n<\/li>\t\t\t\t\t\t\t\t\t\t\t\t\t\t\t\t\t\n<li class=\"item et-listing-style4 col-6 col-sm-6 col-md-4 col-lg-3 small_grid_5 product type-product post-4409 status-publish instock product_cat-karkoto has-post-thumbnail shipping-taxable purchasable product-type-variable\">\n\t<div class=\"product-inner animation fade\">\n\t\t<figure class=\"product_thumbnail et-image-hover\">  \n\t\t<a href=\"https:\/\/lucasebok.com\/en\/product\/tundok-kicsi-karkoto\/\" title=\"T\u00fcnd\u00f6k kicsi kark\u00f6t\u0151\"><img loading=\"lazy\" decoding=\"async\" width=\"2560\" height=\"2560\" src=\"https:\/\/lucasebok.com\/wp-content\/uploads\/2023\/05\/IMG_6908-scaled.jpg\" class=\"main-image skip-lazy\" alt=\"\" \/><img loading=\"lazy\" decoding=\"async\" width=\"2365\" height=\"2365\" src=\"https:\/\/lucasebok.com\/wp-content\/uploads\/2023\/05\/IMG_6932.jpg\" class=\"product_thumbnail_hover\" alt=\"\" \/><\/a>\n\t\t\t\t<div class=\"actions-wrapper\">\n\t\t\t<div class=\"actions-inner\">\n\t\t\t\t\t\t\t\t\t\t\t\t\t\t\t<\/div>\n\t\t<\/div>\n\t<\/figure>\n\t<div class=\"caption\">\n\t\t<div class=\"product-title\">\n\t\t\t<h2><a class=\"product-link\" href=\"https:\/\/lucasebok.com\/en\/product\/tundok-kicsi-karkoto\/\" title=\"T\u00fcnd\u00f6k kicsi kark\u00f6t\u0151\">T\u00fcnd\u00f6k kicsi kark\u00f6t\u0151<\/a><\/h2>\n\t\t\t\t\t<\/div>\n\t\t\n\t\t<div class=\"product_after_title\">\n\n\t\t\t<div class=\"product_after_shop_loop_price\">\n\t\t\t\t\t\t\t<\/div>\n\n\t\t\t<div class=\"product-excerpt\">\n\t\t\t\t<p><span style=\"font-weight: 400;\">L\u00e1tv\u00e1nyos, de m\u00e9gis harmonikus \u00e9kszer, amit a meleg \u00e9s a vibr\u00e1l\u00e1s ihletett, lekerek\u00edtett formavil\u00e1ga m\u00e9gis puh\u00e1v\u00e1 \u00e9s otthonoss\u00e1 teszik a kompoz\u00edci\u00f3t. Egy \u00e9letre v\u00e1laszt t\u00e1rsat, hiszen els\u0151 haszn\u00e1lat el\u0151tt a testre kell sim\u00edtani. Az olvadt bubor\u00e9kok \u00fagy simulnak a b\u0151rre, mintha a visel\u0151je test melege mag\u00e1ra olvasztotta volna az \u00e9kszert. Ett\u0151l term\u00e9szetesen belesimul\u00f3, m\u00e9gis hihetetlen izgalmas hat\u00e1s\u00fa lesz.<\/span><\/p>\n<p>&nbsp;<\/p>\n<p><span style=\"font-weight: 400;\">A kark\u00f6t\u0151 kb 1cm nagys\u00e1g\u00fa k\u00f6r\u00f6kb\u0151l \u00e1ll \u00e9s <\/span><span style=\"font-weight: 400;\">kb. 15 cm a ker\u00fclete<\/span><\/p>\n\t\t\t<\/div>\n\n\t\t\t<div class=\"after_shop_loop_actions\">\n\n\t\t\t\t\t\t\t<\/div>\n\n\t\t<\/div>\n\n\t\t\n\t<\/div>\n\n\t<\/div>\n\n<\/li>\t\t\t\t\t\t\t\t\t\t\t\t\t\t\t\t\t\n<li class=\"item et-listing-style4 col-6 col-sm-6 col-md-4 col-lg-3 small_grid_5 product type-product post-4408 status-publish last instock product_cat-karkoto has-post-thumbnail shipping-taxable purchasable product-type-variable\">\n\t<div class=\"product-inner animation fade\">\n\t\t<figure class=\"product_thumbnail et-image-hover\">  \n\t\t<a href=\"https:\/\/lucasebok.com\/en\/product\/tundok-karkoto\/\" title=\"T\u00fcnd\u00f6k kark\u00f6t\u0151\"><img loading=\"lazy\" decoding=\"async\" width=\"2560\" height=\"2560\" src=\"https:\/\/lucasebok.com\/wp-content\/uploads\/2023\/05\/IMG_6876-scaled.jpg\" class=\"main-image skip-lazy\" alt=\"\" \/><img loading=\"lazy\" decoding=\"async\" width=\"2560\" height=\"2560\" src=\"https:\/\/lucasebok.com\/wp-content\/uploads\/2023\/05\/IMG_6940-scaled.jpg\" class=\"product_thumbnail_hover\" alt=\"\" \/><\/a>\n\t\t\t\t<div class=\"actions-wrapper\">\n\t\t\t<div class=\"actions-inner\">\n\t\t\t\t\t\t\t\t\t\t\t\t\t\t\t<\/div>\n\t\t<\/div>\n\t<\/figure>\n\t<div class=\"caption\">\n\t\t<div class=\"product-title\">\n\t\t\t<h2><a class=\"product-link\" href=\"https:\/\/lucasebok.com\/en\/product\/tundok-karkoto\/\" title=\"T\u00fcnd\u00f6k kark\u00f6t\u0151\">T\u00fcnd\u00f6k kark\u00f6t\u0151<\/a><\/h2>\n\t\t\t\t\t<\/div>\n\t\t\n\t\t<div class=\"product_after_title\">\n\n\t\t\t<div class=\"product_after_shop_loop_price\">\n\t\t\t\t\t\t\t<\/div>\n\n\t\t\t<div class=\"product-excerpt\">\n\t\t\t\t<p><span style=\"font-weight: 400;\">L\u00e1tv\u00e1nyos, de m\u00e9gis harmonikus \u00e9kszer, amit a meleg \u00e9s a vibr\u00e1l\u00e1s ihletett, lekerek\u00edtett formavil\u00e1ga m\u00e9gis puh\u00e1v\u00e1 \u00e9s otthonoss\u00e1 teszik a kompoz\u00edci\u00f3t. Egy \u00e9letre v\u00e1laszt t\u00e1rsat, hiszen els\u0151 haszn\u00e1lat el\u0151tt a testre kell sim\u00edtani. Az olvadt bubor\u00e9kok \u00fagy simulnak a b\u0151rre, mintha a visel\u0151je test melege mag\u00e1ra olvasztotta volna az \u00e9kszert. Ett\u0151l term\u00e9szetesen belesimul\u00f3, m\u00e9gis hihetetlen izgalmas hat\u00e1s\u00fa lesz.<\/span><\/p>\n<p><span style=\"font-weight: 400;\">2-2,5 cm nagys\u00e1g\u00fa k\u00f6r\u00f6kb\u0151l \u00e1ll \u00e9s <\/span><span style=\"font-weight: 400;\">kb. 15 cm a ker\u00fclete<\/span><\/p>\n\t\t\t<\/div>\n\n\t\t\t<div class=\"after_shop_loop_actions\">\n\n\t\t\t\t\t\t\t<\/div>\n\n\t\t<\/div>\n\n\t\t\n\t<\/div>\n\n\t<\/div>\n\n<\/li>\t\t\t\t\t\t\t\t\t\t\t\t\t\t\t\n\t\t\t\t<\/ul>\n\t\t\t\t\t \n\t<\/div><\/div><\/div><\/div><\/div><\/div><\/div><\/div><\/div>\n<\/section>","protected":false},"excerpt":{"rendered":"","protected":false},"author":1,"featured_media":4481,"parent":0,"menu_order":0,"comment_status":"closed","ping_status":"closed","template":"","meta":{"_mi_skip_tracking":false,"_monsterinsights_sitenote_active":false,"_monsterinsights_sitenote_note":"","_monsterinsights_sitenote_category":0,"footnotes":""},"class_list":["post-3297","page","type-page","status-publish","has-post-thumbnail","hentry"],"aioseo_notices":[],"_links":{"self":[{"href":"https:\/\/lucasebok.com\/en\/wp-json\/wp\/v2\/pages\/3297","targetHints":{"allow":["GET"]}}],"collection":[{"href":"https:\/\/lucasebok.com\/en\/wp-json\/wp\/v2\/pages"}],"about":[{"href":"https:\/\/lucasebok.com\/en\/wp-json\/wp\/v2\/types\/page"}],"author":[{"embeddable":true,"href":"https:\/\/lucasebok.com\/en\/wp-json\/wp\/v2\/users\/1"}],"replies":[{"embeddable":true,"href":"https:\/\/lucasebok.com\/en\/wp-json\/wp\/v2\/comments?post=3297"}],"version-history":[{"count":79,"href":"https:\/\/lucasebok.com\/en\/wp-json\/wp\/v2\/pages\/3297\/revisions"}],"predecessor-version":[{"id":4168,"href":"https:\/\/lucasebok.com\/en\/wp-json\/wp\/v2\/pages\/3297\/revisions\/4168"}],"wp:featuredmedia":[{"embeddable":true,"href":"https:\/\/lucasebok.com\/en\/wp-json\/wp\/v2\/media\/4481"}],"wp:attachment":[{"href":"https:\/\/lucasebok.com\/en\/wp-json\/wp\/v2\/media?parent=3297"}],"curies":[{"name":"wp","href":"https:\/\/api.w.org\/{rel}","templated":true}]}}